{"id":239812,"date":"2020-05-06T17:59:06","date_gmt":"2020-05-06T15:59:06","guid":{"rendered":"https:\/\/www.consul.ch\/historique\/"},"modified":"2025-02-12T08:42:11","modified_gmt":"2025-02-12T07:42:11","slug":"bemerkungen","status":"publish","type":"page","link":"https:\/\/www.consul.ch\/de\/bemerkungen\/","title":{"rendered":"Bemerkungen"},"content":{"rendered":"<p>[et_pb_section fb_built=&#8220;1&#8243; admin_label=&#8220;Header&#8220; module_class=&#8220;ddd_about_us_header&#8220; _builder_version=&#8220;4.16&#8243; background_image=&#8220;https:\/\/www.consul.ch\/wp-content\/uploads\/2020\/06\/090A9659.jpg&#8220; custom_margin=&#8220;|||&#8220; custom_padding=&#8220;54px|0px|0px|0px&#8220; bottom_divider_color=&#8220;#ffffff&#8220; bottom_divider_height=&#8220;175px&#8220; custom_css_before=&#8220;    content: %22%22;||    display: block;||    background-color: #000;||    position: absolute;||    top: 0;||    left: 0;||    width: 100%;||    height: 100%;||    opacity: 0.55;&#8220; global_colors_info=&#8220;{}&#8220;][et_pb_row column_structure=&#8220;1_2,1_2&#8243; admin_label=&#8220;Header&#8220; _builder_version=&#8220;4.16&#8243; background_size=&#8220;initial&#8220; background_position=&#8220;top_left&#8220; background_repeat=&#8220;repeat&#8220; max_width=&#8220;1175px&#8220; custom_margin=&#8220;|||&#8220; custom_padding=&#8220;4.7%||14.1%|||&#8220; use_custom_width=&#8220;on&#8220; custom_width_px=&#8220;1175px&#8220; global_colors_info=&#8220;{}&#8220;][et_pb_column type=&#8220;1_2&#8243; _builder_version=&#8220;4.16&#8243; custom_padding=&#8220;|||&#8220; global_colors_info=&#8220;{}&#8220; custom_padding__hover=&#8220;|||&#8220;][et_pb_text admin_label=&#8220;About Us&#8220; _builder_version=&#8220;4.16&#8243; text_font=&#8220;Poppins|500|||||||&#8220; text_text_color=&#8220;#ffffff&#8220; text_font_size=&#8220;60px&#8220; text_line_height=&#8220;60px&#8220; header_2_font_size=&#8220;60px&#8220; background_layout=&#8220;dark&#8220; min_height=&#8220;75px&#8220; custom_margin=&#8220;||-75px|-1px||&#8220; custom_padding=&#8220;29px|||||&#8220; animation_style=&#8220;fade&#8220; text_font_size_tablet=&#8220;50&#8243; text_font_size_phone=&#8220;40&#8243; text_font_size_last_edited=&#8220;on|desktop&#8220; header_2_font_size_tablet=&#8220;40px&#8220; header_2_font_size_phone=&#8220;&#8220; header_2_font_size_last_edited=&#8220;on|tablet&#8220; global_colors_info=&#8220;{}&#8220;]<\/p>\n<h2>Bemerkungen <\/h2>\n<p>[\/et_pb_text][\/et_pb_column][et_pb_column type=&#8220;1_2&#8243; _builder_version=&#8220;4.16&#8243; custom_padding=&#8220;|||&#8220; global_colors_info=&#8220;{}&#8220; custom_padding__hover=&#8220;|||&#8220;][\/et_pb_column][\/et_pb_row][\/et_pb_section][et_pb_section fb_built=&#8220;1&#8243; _builder_version=&#8220;4.16&#8243; background_color=&#8220;#eeeeee&#8220; global_colors_info=&#8220;{}&#8220;][et_pb_row _builder_version=&#8220;4.16&#8243; global_colors_info=&#8220;{}&#8220;][et_pb_column type=&#8220;4_4&#8243; _builder_version=&#8220;4.16&#8243; global_colors_info=&#8220;{}&#8220;][et_pb_text _builder_version=&#8220;4.27.4&#8243; hover_enabled=&#8220;0&#8243; global_colors_info=&#8220;{}&#8220; sticky_enabled=&#8220;0&#8243;]<\/p>\n<h1><strong>La Cave du Consul in Perroy<\/strong><\/h1>\n<p>&nbsp;<\/p>\n<h3>Eine jahrhundertealte Familiengeschichte<\/h3>\n<p>&nbsp;<\/p>\n<p>Vor mehr als hundert Jahren bewirtschafteten Ernest und Lucie Martin, Elternvon Pierre, Robert und Elisabeth, einWein- und Landgut mit Viehbestand.<br \/>Der Wein wurde offen verkauft. Die Rebst\u00f6cke wurden mit einzelnen Pf\u00e4hlen gest\u00fctzt und der Boden mit einer Hacke von Hand bearbeitet.Sp\u00e4ter wurden die Reben in Linien ausgerichtet und die Hackewurde von Pferdengezogen.<br \/>Nach dem Tod von Ernest im Jahr 1940 \u00fcbernahmen Pierre und Robert gemeinsam das Weingut und teilten es nach dem zweiten Weltkrieg unter sich auf.Die Landwirtschaft wurde aufgehoben und durch Obstkulturen ersetzt. Ab 1947 verkaufte Robert den Wein abgef\u00fcllt in Flaschen. Im Jahr 1956 wurde das Weingut \u00ab La Cave du Consul \u00bb genannt. Vier Jahre sp\u00e4ter \u2013 nach dem Studium von Weinbau undOenologie \u2013 hat Sohn Michel sein Wissen inden Betrieb eingebracht. Er hat dasRebgut im Jahr 1970 \u00fcbernommen und ver\u00e4ndert in eine halb-hohe Kultur, gepflanztmit zwei Meter breiten Zwischenr\u00e4umen, die mit dem Traktor bearbeitet werden konnten.Das Weingut vergr\u00f6sserte sich und im Jahr 1977 erweiterteMichel den Weinkeller und r\u00fcstete ihnmit einer automatischen Flaschen-Abf\u00fcllanlage aus.<br \/>Im Jahr 2005 \u00fcbergab Michel den Familienbesitz den zwei S\u00f6hnen Laurent und Nicolas, die beide eine Ausbildung an der Haute Ecole de Viticulture et Oenologiein Changins abgeschlossenhatten. Im Jahr 2010bauten sie f\u00fcr die Weinbereitung und Aufbewahrung einen neuen Weinkeller. Der Empfang der Kundschaft blieb wie bis anhin im Weinkeller an der Grand Rue 39.<\/p>\n<p>&nbsp;<\/p>\n<p><strong><u>Herkunft der Bezeichnungen Consul und Rustica<\/u><\/strong><\/p>\n<p>Das r\u00f6mische Helvetienkanntebereits die edle Kultur der Weinreben. Grosse Weing\u00fcter, genannt \u00ab villas rustiques \u00bb erstreckten sich auf den H\u00fcgeln oberhalb der Ufer des Genfersees (L\u00e9man).Die r\u00f6mischen Strassen verbanden D\u00f6rfer und St\u00e4dte, ausgehend vom vergoldeten Kilometerstein, der sich im Zentrum des Forums von Rom erhob. Alle tausend Schritteverteilten sich Kilometersteine, die dem Kaiser geweiht waren.Nach 10&#8217;000Schritten traf man auf Rastst\u00e4tten (Relais), wo Pferde bereitgehalten wurden f\u00fcr die Kuriere, die kaiserliche Edikte zustellten und Neuigkeiten aus den Provinzen nach Rom zur\u00fcckbrachten.Auf dem Weg von Genf nach Orbe (Urba), zwischen Nyon, der Stadt der Reitturniere und Lausonium, lagPerroy im Zentrum einer florierenden Weinregion und war eine der kaiserlichen Zwischenstationen.<br \/>UnsereVorfahren betrieben schon immerRebbau und sch\u00e4tzten den Wein. Nach einer Legende soll ein Helvetischer Schmiede namens H\u00e9licon die erste Rebpflanze aus Rom mitgebracht und unsere ersten Weinberge angelegt (geschmiedet) haben. Dass sich schon zur Zeit der r\u00f6mischen Kaiser die Weinkultur an den Ufern des Genferseesansiedelte, beweisen auch Bacchus-Statuen \u2013 entdeckt in unseren Weinbergen \u2013 und Relikte der Weing\u00fcter mit Namen \u00ab Villas rustiques \u00bb. Aufgrund dieser \u00dcberlieferungen werden die Weine unserer Rebberge wie folgt benannt:<\/p>\n<ul>\n<li>f\u00fcr den Weisswein : \u00a0<strong>: Le Relais du Consul<\/strong>, was sp\u00e4terzu <strong>Le Consul <\/strong> f\u00fchrt,<\/li>\n<li>f\u00fcr den Rotwein : <strong>Rustica .<\/strong><\/li>\n<\/ul>\n<p>[\/et_pb_text][et_pb_gallery gallery_ids=&#8220;239630,239634,239638,239653&#8243; posts_number=&#8220;20&#8243; orientation=&#8220;portrait&#8220; show_pagination=&#8220;off&#8220; _builder_version=&#8220;4.16&#8243; db_image_object_fit=&#8220;initial&#8220; dbdb_version=&#8220;4.6.2&#8243; global_colors_info=&#8220;{}&#8220;][\/et_pb_gallery][\/et_pb_column][\/et_pb_row][\/et_pb_section]<\/p>\n","protected":false},"excerpt":{"rendered":"<p>Bemerkungen La Cave du Consul in Perroy &nbsp; Eine jahrhundertealte Familiengeschichte &nbsp; Vor mehr als hundert Jahren bewirtschafteten Ernest und Lucie Martin, Elternvon Pierre, Robert und Elisabeth, einWein- und Landgut mit Viehbestand.Der Wein wurde offen verkauft. Die Rebst\u00f6cke wurden mit einzelnen Pf\u00e4hlen gest\u00fctzt und der Boden mit einer Hacke von Hand bearbeitet.Sp\u00e4ter wurden die Reben [&hellip;]<\/p>\n","protected":false},"author":5,"featured_media":0,"parent":0,"menu_order":0,"comment_status":"closed","ping_status":"closed","template":"","meta":{"_et_pb_use_builder":"on","_et_pb_old_content":"","_et_gb_content_width":"","footnotes":""},"class_list":["post-239812","page","type-page","status-publish","hentry"],"yoast_head":"<!-- This site is optimized with the Yoast SEO plugin v24.4 - https:\/\/yoast.com\/wordpress\/plugins\/seo\/ -->\n<title>Bemerkungen - Cave du Consul<\/title>\n<meta name=\"robots\" content=\"index, follow, max-snippet:-1, max-image-preview:large, max-video-preview:-1\" \/>\n<link rel=\"canonical\" href=\"https:\/\/www.consul.ch\/de\/bemerkungen\/\" \/>\n<meta property=\"og:locale\" content=\"de_DE\" \/>\n<meta property=\"og:type\" content=\"article\" \/>\n<meta property=\"og:title\" content=\"Bemerkungen - Cave du Consul\" \/>\n<meta property=\"og:description\" content=\"Bemerkungen La Cave du Consul in Perroy &nbsp; Eine jahrhundertealte Familiengeschichte &nbsp; Vor mehr als hundert Jahren bewirtschafteten Ernest und Lucie Martin, Elternvon Pierre, Robert und Elisabeth, einWein- und Landgut mit Viehbestand.Der Wein wurde offen verkauft. Die Rebst\u00f6cke wurden mit einzelnen Pf\u00e4hlen gest\u00fctzt und der Boden mit einer Hacke von Hand bearbeitet.Sp\u00e4ter wurden die Reben [&hellip;]\" \/>\n<meta property=\"og:url\" content=\"https:\/\/www.consul.ch\/de\/bemerkungen\/\" \/>\n<meta property=\"og:site_name\" content=\"Cave du Consul\" \/>\n<meta property=\"article:modified_time\" content=\"2025-02-12T07:42:11+00:00\" \/>\n<meta name=\"twitter:card\" content=\"summary_large_image\" \/>\n<meta name=\"twitter:label1\" content=\"Gesch\u00e4tzte Lesezeit\" \/>\n\t<meta name=\"twitter:data1\" content=\"3\u00a0Minuten\" \/>\n<script type=\"application\/ld+json\" class=\"yoast-schema-graph\">{\"@context\":\"https:\/\/schema.org\",\"@graph\":[{\"@type\":\"WebPage\",\"@id\":\"https:\/\/www.consul.ch\/de\/bemerkungen\/\",\"url\":\"https:\/\/www.consul.ch\/de\/bemerkungen\/\",\"name\":\"Bemerkungen - Cave du Consul\",\"isPartOf\":{\"@id\":\"https:\/\/www.consul.ch\/de\/NEW_2022\/#website\"},\"datePublished\":\"2020-05-06T15:59:06+00:00\",\"dateModified\":\"2025-02-12T07:42:11+00:00\",\"breadcrumb\":{\"@id\":\"https:\/\/www.consul.ch\/de\/bemerkungen\/#breadcrumb\"},\"inLanguage\":\"de\",\"potentialAction\":[{\"@type\":\"ReadAction\",\"target\":[\"https:\/\/www.consul.ch\/de\/bemerkungen\/\"]}]},{\"@type\":\"BreadcrumbList\",\"@id\":\"https:\/\/www.consul.ch\/de\/bemerkungen\/#breadcrumb\",\"itemListElement\":[{\"@type\":\"ListItem\",\"position\":1,\"name\":\"Accueil\",\"item\":\"https:\/\/www.consul.ch\/de\/\"},{\"@type\":\"ListItem\",\"position\":2,\"name\":\"Bemerkungen\"}]},{\"@type\":\"WebSite\",\"@id\":\"https:\/\/www.consul.ch\/de\/NEW_2022\/#website\",\"url\":\"https:\/\/www.consul.ch\/de\/NEW_2022\/\",\"name\":\"Cave du Consul\",\"description\":\"Vins m\u00e9daill\u00e9s La C\u00f4te, Perroy\",\"potentialAction\":[{\"@type\":\"SearchAction\",\"target\":{\"@type\":\"EntryPoint\",\"urlTemplate\":\"https:\/\/www.consul.ch\/de\/NEW_2022\/?s={search_term_string}\"},\"query-input\":{\"@type\":\"PropertyValueSpecification\",\"valueRequired\":true,\"valueName\":\"search_term_string\"}}],\"inLanguage\":\"de\"}]}<\/script>\n<!-- \/ Yoast SEO plugin. -->","yoast_head_json":{"title":"Bemerkungen - Cave du Consul","robots":{"index":"index","follow":"follow","max-snippet":"max-snippet:-1","max-image-preview":"max-image-preview:large","max-video-preview":"max-video-preview:-1"},"canonical":"https:\/\/www.consul.ch\/de\/bemerkungen\/","og_locale":"de_DE","og_type":"article","og_title":"Bemerkungen - Cave du Consul","og_description":"Bemerkungen La Cave du Consul in Perroy &nbsp; Eine jahrhundertealte Familiengeschichte &nbsp; Vor mehr als hundert Jahren bewirtschafteten Ernest und Lucie Martin, Elternvon Pierre, Robert und Elisabeth, einWein- und Landgut mit Viehbestand.Der Wein wurde offen verkauft. Die Rebst\u00f6cke wurden mit einzelnen Pf\u00e4hlen gest\u00fctzt und der Boden mit einer Hacke von Hand bearbeitet.Sp\u00e4ter wurden die Reben [&hellip;]","og_url":"https:\/\/www.consul.ch\/de\/bemerkungen\/","og_site_name":"Cave du Consul","article_modified_time":"2025-02-12T07:42:11+00:00","twitter_card":"summary_large_image","twitter_misc":{"Gesch\u00e4tzte Lesezeit":"3\u00a0Minuten"},"schema":{"@context":"https:\/\/schema.org","@graph":[{"@type":"WebPage","@id":"https:\/\/www.consul.ch\/de\/bemerkungen\/","url":"https:\/\/www.consul.ch\/de\/bemerkungen\/","name":"Bemerkungen - Cave du Consul","isPartOf":{"@id":"https:\/\/www.consul.ch\/de\/NEW_2022\/#website"},"datePublished":"2020-05-06T15:59:06+00:00","dateModified":"2025-02-12T07:42:11+00:00","breadcrumb":{"@id":"https:\/\/www.consul.ch\/de\/bemerkungen\/#breadcrumb"},"inLanguage":"de","potentialAction":[{"@type":"ReadAction","target":["https:\/\/www.consul.ch\/de\/bemerkungen\/"]}]},{"@type":"BreadcrumbList","@id":"https:\/\/www.consul.ch\/de\/bemerkungen\/#breadcrumb","itemListElement":[{"@type":"ListItem","position":1,"name":"Accueil","item":"https:\/\/www.consul.ch\/de\/"},{"@type":"ListItem","position":2,"name":"Bemerkungen"}]},{"@type":"WebSite","@id":"https:\/\/www.consul.ch\/de\/NEW_2022\/#website","url":"https:\/\/www.consul.ch\/de\/NEW_2022\/","name":"Cave du Consul","description":"Vins m\u00e9daill\u00e9s La C\u00f4te, Perroy","potentialAction":[{"@type":"SearchAction","target":{"@type":"EntryPoint","urlTemplate":"https:\/\/www.consul.ch\/de\/NEW_2022\/?s={search_term_string}"},"query-input":{"@type":"PropertyValueSpecification","valueRequired":true,"valueName":"search_term_string"}}],"inLanguage":"de"}]}},"_links":{"self":[{"href":"https:\/\/www.consul.ch\/de\/wp-json\/wp\/v2\/pages\/239812","targetHints":{"allow":["GET"]}}],"collection":[{"href":"https:\/\/www.consul.ch\/de\/wp-json\/wp\/v2\/pages"}],"about":[{"href":"https:\/\/www.consul.ch\/de\/wp-json\/wp\/v2\/types\/page"}],"author":[{"embeddable":true,"href":"https:\/\/www.consul.ch\/de\/wp-json\/wp\/v2\/users\/5"}],"replies":[{"embeddable":true,"href":"https:\/\/www.consul.ch\/de\/wp-json\/wp\/v2\/comments?post=239812"}],"version-history":[{"count":4,"href":"https:\/\/www.consul.ch\/de\/wp-json\/wp\/v2\/pages\/239812\/revisions"}],"predecessor-version":[{"id":243919,"href":"https:\/\/www.consul.ch\/de\/wp-json\/wp\/v2\/pages\/239812\/revisions\/243919"}],"wp:attachment":[{"href":"https:\/\/www.consul.ch\/de\/wp-json\/wp\/v2\/media?parent=239812"}],"curies":[{"name":"wp","href":"https:\/\/api.w.org\/{rel}","templated":true}]}}