{"id":239973,"date":"2020-06-02T12:03:13","date_gmt":"2020-06-02T10:03:13","guid":{"rendered":"https:\/\/www.consul.ch\/?post_type=product&#038;p=239973"},"modified":"2022-09-10T03:01:20","modified_gmt":"2022-09-10T01:01:20","slug":"vin-doux","status":"publish","type":"product","link":"https:\/\/www.consul.ch\/de\/produit\/vin-doux\/","title":{"rendered":"Vin Doux"},"content":{"rendered":"<p>Weinbezeichnung: Vin Doux du Consul<br \/>\nRebsorte: Verbindung von weissen Rebsorten<br \/>\nWeinberg: Kalkhaltiger Boden, sandig-siltig in der Textur<br \/>\nWeinbereitung: Traditionelle Weinherstellung<br \/>\nWeinprobe: Wein mit Aromen von kandierten Fr\u00fcchten, gute L\u00e4nge am Gaumen, strukturiert, aromatische Komplexit\u00e4t<br \/>\nGastronomie: Passt zu G\u00e4nseleber-Vorspeisen, Dessertwein, Schokoladenmousse<br \/>\nFlaschengr\u00f6sse: 37.5 cl<br \/>\nKorken<\/p>\n","protected":false},"excerpt":{"rendered":"<p>Weinbezeichnung: Vin Doux du Consul Rebsorte: Verbindung von weissen Rebsorten Weinberg: Kalkhaltiger Boden, sandig-siltig in der Textur Weinbereitung: Traditionelle Weinherstellung Weinprobe: Wein mit Aromen von kandierten Fr\u00fcchten, gute L\u00e4nge am Gaumen, strukturiert, aromatische Komplexit\u00e4t Gastronomie: Passt zu G\u00e4nseleber-Vorspeisen, Dessertwein, Schokoladenmousse Flaschengr\u00f6sse: 37.5 cl Korken<\/p>\n","protected":false},"featured_media":238867,"comment_status":"open","ping_status":"closed","template":"","meta":{"_et_pb_use_builder":"","_et_pb_old_content":"","_et_gb_content_width":""},"product_brand":[],"product_cat":[71],"product_tag":[],"class_list":{"0":"post-239973","1":"product","2":"type-product","3":"status-publish","4":"has-post-thumbnail","6":"product_cat-specialites-de","8":"first","9":"instock","10":"shipping-taxable","11":"purchasable","12":"product-type-variable"},"yoast_head":"<!-- This site is optimized with the Yoast SEO plugin v24.4 - https:\/\/yoast.com\/wordpress\/plugins\/seo\/ -->\n<title>Vin Doux - Cave du Consul<\/title>\n<meta name=\"robots\" content=\"index, follow, max-snippet:-1, max-image-preview:large, max-video-preview:-1\" \/>\n<link rel=\"canonical\" href=\"https:\/\/www.consul.ch\/de\/produit\/vin-doux\/\" \/>\n<meta property=\"og:locale\" content=\"de_DE\" \/>\n<meta property=\"og:type\" content=\"article\" \/>\n<meta property=\"og:title\" content=\"Vin Doux - Cave du Consul\" \/>\n<meta property=\"og:description\" content=\"Weinbezeichnung: Vin Doux du Consul Rebsorte: Verbindung von weissen Rebsorten Weinberg: Kalkhaltiger Boden, sandig-siltig in der Textur Weinbereitung: Traditionelle Weinherstellung Weinprobe: Wein mit Aromen von kandierten Fr\u00fcchten, gute L\u00e4nge am Gaumen, strukturiert, aromatische Komplexit\u00e4t Gastronomie: Passt zu G\u00e4nseleber-Vorspeisen, Dessertwein, Schokoladenmousse Flaschengr\u00f6sse: 37.5 cl Korken\" \/>\n<meta property=\"og:url\" content=\"https:\/\/www.consul.ch\/de\/produit\/vin-doux\/\" \/>\n<meta property=\"og:site_name\" content=\"Cave du Consul\" \/>\n<meta property=\"article:modified_time\" content=\"2022-09-10T01:01:20+00:00\" \/>\n<meta property=\"og:image\" content=\"https:\/\/www.consul.ch\/wp-content\/uploads\/2020\/06\/image6.jpg\" \/>\n\t<meta property=\"og:image:width\" content=\"1000\" \/>\n\t<meta property=\"og:image:height\" content=\"1534\" \/>\n\t<meta property=\"og:image:type\" content=\"image\/jpeg\" \/>\n<meta name=\"twitter:card\" content=\"summary_large_image\" \/>\n<script type=\"application\/ld+json\" class=\"yoast-schema-graph\">{\"@context\":\"https:\/\/schema.org\",\"@graph\":[{\"@type\":\"WebPage\",\"@id\":\"https:\/\/www.consul.ch\/de\/produit\/vin-doux\/\",\"url\":\"https:\/\/www.consul.ch\/de\/produit\/vin-doux\/\",\"name\":\"Vin Doux - Cave du Consul\",\"isPartOf\":{\"@id\":\"https:\/\/www.consul.ch\/de\/NEW_2022\/#website\"},\"primaryImageOfPage\":{\"@id\":\"https:\/\/www.consul.ch\/de\/produit\/vin-doux\/#primaryimage\"},\"image\":{\"@id\":\"https:\/\/www.consul.ch\/de\/produit\/vin-doux\/#primaryimage\"},\"thumbnailUrl\":\"https:\/\/www.consul.ch\/wp-content\/uploads\/2020\/06\/image6.jpg\",\"datePublished\":\"2020-06-02T10:03:13+00:00\",\"dateModified\":\"2022-09-10T01:01:20+00:00\",\"breadcrumb\":{\"@id\":\"https:\/\/www.consul.ch\/de\/produit\/vin-doux\/#breadcrumb\"},\"inLanguage\":\"de\",\"potentialAction\":[{\"@type\":\"ReadAction\",\"target\":[\"https:\/\/www.consul.ch\/de\/produit\/vin-doux\/\"]}]},{\"@type\":\"ImageObject\",\"inLanguage\":\"de\",\"@id\":\"https:\/\/www.consul.ch\/de\/produit\/vin-doux\/#primaryimage\",\"url\":\"https:\/\/www.consul.ch\/wp-content\/uploads\/2020\/06\/image6.jpg\",\"contentUrl\":\"https:\/\/www.consul.ch\/wp-content\/uploads\/2020\/06\/image6.jpg\",\"width\":1000,\"height\":1534},{\"@type\":\"BreadcrumbList\",\"@id\":\"https:\/\/www.consul.ch\/de\/produit\/vin-doux\/#breadcrumb\",\"itemListElement\":[{\"@type\":\"ListItem\",\"position\":1,\"name\":\"Accueil\",\"item\":\"https:\/\/www.consul.ch\/de\/\"},{\"@type\":\"ListItem\",\"position\":2,\"name\":\"Boutique\",\"item\":\"https:\/\/www.consul.ch\/de\/boutique\/\"},{\"@type\":\"ListItem\",\"position\":3,\"name\":\"Vin Doux\"}]},{\"@type\":\"WebSite\",\"@id\":\"https:\/\/www.consul.ch\/de\/NEW_2022\/#website\",\"url\":\"https:\/\/www.consul.ch\/de\/NEW_2022\/\",\"name\":\"Cave du Consul\",\"description\":\"Vins m\u00e9daill\u00e9s La C\u00f4te, Perroy\",\"potentialAction\":[{\"@type\":\"SearchAction\",\"target\":{\"@type\":\"EntryPoint\",\"urlTemplate\":\"https:\/\/www.consul.ch\/de\/NEW_2022\/?s={search_term_string}\"},\"query-input\":{\"@type\":\"PropertyValueSpecification\",\"valueRequired\":true,\"valueName\":\"search_term_string\"}}],\"inLanguage\":\"de\"}]}<\/script>\n<!-- \/ Yoast SEO plugin. -->","yoast_head_json":{"title":"Vin Doux - Cave du Consul","robots":{"index":"index","follow":"follow","max-snippet":"max-snippet:-1","max-image-preview":"max-image-preview:large","max-video-preview":"max-video-preview:-1"},"canonical":"https:\/\/www.consul.ch\/de\/produit\/vin-doux\/","og_locale":"de_DE","og_type":"article","og_title":"Vin Doux - Cave du Consul","og_description":"Weinbezeichnung: Vin Doux du Consul Rebsorte: Verbindung von weissen Rebsorten Weinberg: Kalkhaltiger Boden, sandig-siltig in der Textur Weinbereitung: Traditionelle Weinherstellung Weinprobe: Wein mit Aromen von kandierten Fr\u00fcchten, gute L\u00e4nge am Gaumen, strukturiert, aromatische Komplexit\u00e4t Gastronomie: Passt zu G\u00e4nseleber-Vorspeisen, Dessertwein, Schokoladenmousse Flaschengr\u00f6sse: 37.5 cl Korken","og_url":"https:\/\/www.consul.ch\/de\/produit\/vin-doux\/","og_site_name":"Cave du Consul","article_modified_time":"2022-09-10T01:01:20+00:00","og_image":[{"width":1000,"height":1534,"url":"https:\/\/www.consul.ch\/wp-content\/uploads\/2020\/06\/image6.jpg","type":"image\/jpeg"}],"twitter_card":"summary_large_image","schema":{"@context":"https:\/\/schema.org","@graph":[{"@type":"WebPage","@id":"https:\/\/www.consul.ch\/de\/produit\/vin-doux\/","url":"https:\/\/www.consul.ch\/de\/produit\/vin-doux\/","name":"Vin Doux - Cave du Consul","isPartOf":{"@id":"https:\/\/www.consul.ch\/de\/NEW_2022\/#website"},"primaryImageOfPage":{"@id":"https:\/\/www.consul.ch\/de\/produit\/vin-doux\/#primaryimage"},"image":{"@id":"https:\/\/www.consul.ch\/de\/produit\/vin-doux\/#primaryimage"},"thumbnailUrl":"https:\/\/www.consul.ch\/wp-content\/uploads\/2020\/06\/image6.jpg","datePublished":"2020-06-02T10:03:13+00:00","dateModified":"2022-09-10T01:01:20+00:00","breadcrumb":{"@id":"https:\/\/www.consul.ch\/de\/produit\/vin-doux\/#breadcrumb"},"inLanguage":"de","potentialAction":[{"@type":"ReadAction","target":["https:\/\/www.consul.ch\/de\/produit\/vin-doux\/"]}]},{"@type":"ImageObject","inLanguage":"de","@id":"https:\/\/www.consul.ch\/de\/produit\/vin-doux\/#primaryimage","url":"https:\/\/www.consul.ch\/wp-content\/uploads\/2020\/06\/image6.jpg","contentUrl":"https:\/\/www.consul.ch\/wp-content\/uploads\/2020\/06\/image6.jpg","width":1000,"height":1534},{"@type":"BreadcrumbList","@id":"https:\/\/www.consul.ch\/de\/produit\/vin-doux\/#breadcrumb","itemListElement":[{"@type":"ListItem","position":1,"name":"Accueil","item":"https:\/\/www.consul.ch\/de\/"},{"@type":"ListItem","position":2,"name":"Boutique","item":"https:\/\/www.consul.ch\/de\/boutique\/"},{"@type":"ListItem","position":3,"name":"Vin Doux"}]},{"@type":"WebSite","@id":"https:\/\/www.consul.ch\/de\/NEW_2022\/#website","url":"https:\/\/www.consul.ch\/de\/NEW_2022\/","name":"Cave du Consul","description":"Vins m\u00e9daill\u00e9s La C\u00f4te, Perroy","potentialAction":[{"@type":"SearchAction","target":{"@type":"EntryPoint","urlTemplate":"https:\/\/www.consul.ch\/de\/NEW_2022\/?s={search_term_string}"},"query-input":{"@type":"PropertyValueSpecification","valueRequired":true,"valueName":"search_term_string"}}],"inLanguage":"de"}]}},"_links":{"self":[{"href":"https:\/\/www.consul.ch\/de\/wp-json\/wp\/v2\/product\/239973","targetHints":{"allow":["GET"]}}],"collection":[{"href":"https:\/\/www.consul.ch\/de\/wp-json\/wp\/v2\/product"}],"about":[{"href":"https:\/\/www.consul.ch\/de\/wp-json\/wp\/v2\/types\/product"}],"replies":[{"embeddable":true,"href":"https:\/\/www.consul.ch\/de\/wp-json\/wp\/v2\/comments?post=239973"}],"wp:featuredmedia":[{"embeddable":true,"href":"https:\/\/www.consul.ch\/de\/wp-json\/wp\/v2\/media\/238867"}],"wp:attachment":[{"href":"https:\/\/www.consul.ch\/de\/wp-json\/wp\/v2\/media?parent=239973"}],"wp:term":[{"taxonomy":"product_brand","embeddable":true,"href":"https:\/\/www.consul.ch\/de\/wp-json\/wp\/v2\/product_brand?post=239973"},{"taxonomy":"product_cat","embeddable":true,"href":"https:\/\/www.consul.ch\/de\/wp-json\/wp\/v2\/product_cat?post=239973"},{"taxonomy":"product_tag","embeddable":true,"href":"https:\/\/www.consul.ch\/de\/wp-json\/wp\/v2\/product_tag?post=239973"}],"curies":[{"name":"wp","href":"https:\/\/api.w.org\/{rel}","templated":true}]}}