{"id":239986,"date":"2020-06-02T11:59:56","date_gmt":"2020-06-02T09:59:56","guid":{"rendered":"https:\/\/www.consul.ch\/produit\/carton-degustation\/"},"modified":"2020-10-09T18:04:31","modified_gmt":"2020-10-09T16:04:31","slug":"carton-degustation","status":"publish","type":"product","link":"https:\/\/www.consul.ch\/de\/produit\/carton-degustation\/","title":{"rendered":"Inhalt des Degustation-Kartons"},"content":{"rendered":"<p>Der Degustationskarton setzt sich normalerweise zusammen aus \u2026; kann variieren je nach Verf\u00fcgbarkeit unserer Weine,<br \/>\nim Prinzip mit dem aktuellen Jahrgang.<\/p>\n<p>1 Flasche B\u00e9rollon 75 cl<br \/>\n1 Flasche Relais 70 cl<br \/>\n1 Flasche F\u00e9chy Cr\u00eat de Bayel 75 cl<br \/>\n1 Flasche Sauvignon blanc 75 cl<br \/>\n1 Flasche Viognier 75 cl<br \/>\n1 Flasche Pinot Gris 75 cl<br \/>\n1 Flasche Ros\u00e9 75 cl<br \/>\n1 Flasche Rustica 75 cl<br \/>\n1 Flasche Gamay 75 cl<br \/>\n1 Flasche Pinot Noir 75 cl<br \/>\n1 Flasche Gamaret Garanoir 75 cl<br \/>\n1 Flasche Cabernet Sauvignon 75 cl<\/p>\n","protected":false},"excerpt":{"rendered":"<p>12 vins diff\u00e9rents<\/p>\n","protected":false},"featured_media":238932,"comment_status":"open","ping_status":"closed","template":"","meta":{"_et_pb_use_builder":"","_et_pb_old_content":"","_et_gb_content_width":""},"product_brand":[],"product_cat":[71],"product_tag":[],"class_list":{"0":"post-239986","1":"product","2":"type-product","3":"status-publish","4":"has-post-thumbnail","6":"product_cat-specialites-de","8":"first","9":"instock","10":"shipping-taxable","11":"purchasable","12":"product-type-variable","13":"has-default-attributes"},"yoast_head":"<!-- This site is optimized with the Yoast SEO plugin v24.4 - https:\/\/yoast.com\/wordpress\/plugins\/seo\/ -->\n<title>Inhalt des Degustation-Kartons - Cave du Consul<\/title>\n<meta name=\"robots\" content=\"index, follow, max-snippet:-1, max-image-preview:large, max-video-preview:-1\" \/>\n<link rel=\"canonical\" href=\"https:\/\/www.consul.ch\/de\/produit\/carton-degustation\/\" \/>\n<meta property=\"og:locale\" content=\"de_DE\" \/>\n<meta property=\"og:type\" content=\"article\" \/>\n<meta property=\"og:title\" content=\"Inhalt des Degustation-Kartons - Cave du Consul\" \/>\n<meta property=\"og:description\" content=\"12 vins diff\u00e9rents\" \/>\n<meta property=\"og:url\" content=\"https:\/\/www.consul.ch\/de\/produit\/carton-degustation\/\" \/>\n<meta property=\"og:site_name\" content=\"Cave du Consul\" \/>\n<meta property=\"article:modified_time\" content=\"2020-10-09T16:04:31+00:00\" \/>\n<meta property=\"og:image\" content=\"https:\/\/www.consul.ch\/wp-content\/uploads\/2020\/06\/090A9701.jpg\" \/>\n\t<meta property=\"og:image:width\" content=\"1500\" \/>\n\t<meta property=\"og:image:height\" content=\"1000\" \/>\n\t<meta property=\"og:image:type\" content=\"image\/jpeg\" \/>\n<meta name=\"twitter:card\" content=\"summary_large_image\" \/>\n<script type=\"application\/ld+json\" class=\"yoast-schema-graph\">{\"@context\":\"https:\/\/schema.org\",\"@graph\":[{\"@type\":\"WebPage\",\"@id\":\"https:\/\/www.consul.ch\/de\/produit\/carton-degustation\/\",\"url\":\"https:\/\/www.consul.ch\/de\/produit\/carton-degustation\/\",\"name\":\"Inhalt des Degustation-Kartons - Cave du Consul\",\"isPartOf\":{\"@id\":\"https:\/\/www.consul.ch\/de\/NEW_2022\/#website\"},\"primaryImageOfPage\":{\"@id\":\"https:\/\/www.consul.ch\/de\/produit\/carton-degustation\/#primaryimage\"},\"image\":{\"@id\":\"https:\/\/www.consul.ch\/de\/produit\/carton-degustation\/#primaryimage\"},\"thumbnailUrl\":\"https:\/\/www.consul.ch\/wp-content\/uploads\/2020\/06\/090A9701.jpg\",\"datePublished\":\"2020-06-02T09:59:56+00:00\",\"dateModified\":\"2020-10-09T16:04:31+00:00\",\"breadcrumb\":{\"@id\":\"https:\/\/www.consul.ch\/de\/produit\/carton-degustation\/#breadcrumb\"},\"inLanguage\":\"de\",\"potentialAction\":[{\"@type\":\"ReadAction\",\"target\":[\"https:\/\/www.consul.ch\/de\/produit\/carton-degustation\/\"]}]},{\"@type\":\"ImageObject\",\"inLanguage\":\"de\",\"@id\":\"https:\/\/www.consul.ch\/de\/produit\/carton-degustation\/#primaryimage\",\"url\":\"https:\/\/www.consul.ch\/wp-content\/uploads\/2020\/06\/090A9701.jpg\",\"contentUrl\":\"https:\/\/www.consul.ch\/wp-content\/uploads\/2020\/06\/090A9701.jpg\",\"width\":1500,\"height\":1000},{\"@type\":\"BreadcrumbList\",\"@id\":\"https:\/\/www.consul.ch\/de\/produit\/carton-degustation\/#breadcrumb\",\"itemListElement\":[{\"@type\":\"ListItem\",\"position\":1,\"name\":\"Accueil\",\"item\":\"https:\/\/www.consul.ch\/de\/\"},{\"@type\":\"ListItem\",\"position\":2,\"name\":\"Boutique\",\"item\":\"https:\/\/www.consul.ch\/de\/boutique\/\"},{\"@type\":\"ListItem\",\"position\":3,\"name\":\"Inhalt des Degustation-Kartons\"}]},{\"@type\":\"WebSite\",\"@id\":\"https:\/\/www.consul.ch\/de\/NEW_2022\/#website\",\"url\":\"https:\/\/www.consul.ch\/de\/NEW_2022\/\",\"name\":\"Cave du Consul\",\"description\":\"Vins m\u00e9daill\u00e9s La C\u00f4te, Perroy\",\"potentialAction\":[{\"@type\":\"SearchAction\",\"target\":{\"@type\":\"EntryPoint\",\"urlTemplate\":\"https:\/\/www.consul.ch\/de\/NEW_2022\/?s={search_term_string}\"},\"query-input\":{\"@type\":\"PropertyValueSpecification\",\"valueRequired\":true,\"valueName\":\"search_term_string\"}}],\"inLanguage\":\"de\"}]}<\/script>\n<!-- \/ Yoast SEO plugin. -->","yoast_head_json":{"title":"Inhalt des Degustation-Kartons - Cave du Consul","robots":{"index":"index","follow":"follow","max-snippet":"max-snippet:-1","max-image-preview":"max-image-preview:large","max-video-preview":"max-video-preview:-1"},"canonical":"https:\/\/www.consul.ch\/de\/produit\/carton-degustation\/","og_locale":"de_DE","og_type":"article","og_title":"Inhalt des Degustation-Kartons - Cave du Consul","og_description":"12 vins diff\u00e9rents","og_url":"https:\/\/www.consul.ch\/de\/produit\/carton-degustation\/","og_site_name":"Cave du Consul","article_modified_time":"2020-10-09T16:04:31+00:00","og_image":[{"width":1500,"height":1000,"url":"https:\/\/www.consul.ch\/wp-content\/uploads\/2020\/06\/090A9701.jpg","type":"image\/jpeg"}],"twitter_card":"summary_large_image","schema":{"@context":"https:\/\/schema.org","@graph":[{"@type":"WebPage","@id":"https:\/\/www.consul.ch\/de\/produit\/carton-degustation\/","url":"https:\/\/www.consul.ch\/de\/produit\/carton-degustation\/","name":"Inhalt des Degustation-Kartons - Cave du Consul","isPartOf":{"@id":"https:\/\/www.consul.ch\/de\/NEW_2022\/#website"},"primaryImageOfPage":{"@id":"https:\/\/www.consul.ch\/de\/produit\/carton-degustation\/#primaryimage"},"image":{"@id":"https:\/\/www.consul.ch\/de\/produit\/carton-degustation\/#primaryimage"},"thumbnailUrl":"https:\/\/www.consul.ch\/wp-content\/uploads\/2020\/06\/090A9701.jpg","datePublished":"2020-06-02T09:59:56+00:00","dateModified":"2020-10-09T16:04:31+00:00","breadcrumb":{"@id":"https:\/\/www.consul.ch\/de\/produit\/carton-degustation\/#breadcrumb"},"inLanguage":"de","potentialAction":[{"@type":"ReadAction","target":["https:\/\/www.consul.ch\/de\/produit\/carton-degustation\/"]}]},{"@type":"ImageObject","inLanguage":"de","@id":"https:\/\/www.consul.ch\/de\/produit\/carton-degustation\/#primaryimage","url":"https:\/\/www.consul.ch\/wp-content\/uploads\/2020\/06\/090A9701.jpg","contentUrl":"https:\/\/www.consul.ch\/wp-content\/uploads\/2020\/06\/090A9701.jpg","width":1500,"height":1000},{"@type":"BreadcrumbList","@id":"https:\/\/www.consul.ch\/de\/produit\/carton-degustation\/#breadcrumb","itemListElement":[{"@type":"ListItem","position":1,"name":"Accueil","item":"https:\/\/www.consul.ch\/de\/"},{"@type":"ListItem","position":2,"name":"Boutique","item":"https:\/\/www.consul.ch\/de\/boutique\/"},{"@type":"ListItem","position":3,"name":"Inhalt des Degustation-Kartons"}]},{"@type":"WebSite","@id":"https:\/\/www.consul.ch\/de\/NEW_2022\/#website","url":"https:\/\/www.consul.ch\/de\/NEW_2022\/","name":"Cave du Consul","description":"Vins m\u00e9daill\u00e9s La C\u00f4te, Perroy","potentialAction":[{"@type":"SearchAction","target":{"@type":"EntryPoint","urlTemplate":"https:\/\/www.consul.ch\/de\/NEW_2022\/?s={search_term_string}"},"query-input":{"@type":"PropertyValueSpecification","valueRequired":true,"valueName":"search_term_string"}}],"inLanguage":"de"}]}},"_links":{"self":[{"href":"https:\/\/www.consul.ch\/de\/wp-json\/wp\/v2\/product\/239986","targetHints":{"allow":["GET"]}}],"collection":[{"href":"https:\/\/www.consul.ch\/de\/wp-json\/wp\/v2\/product"}],"about":[{"href":"https:\/\/www.consul.ch\/de\/wp-json\/wp\/v2\/types\/product"}],"replies":[{"embeddable":true,"href":"https:\/\/www.consul.ch\/de\/wp-json\/wp\/v2\/comments?post=239986"}],"wp:featuredmedia":[{"embeddable":true,"href":"https:\/\/www.consul.ch\/de\/wp-json\/wp\/v2\/media\/238932"}],"wp:attachment":[{"href":"https:\/\/www.consul.ch\/de\/wp-json\/wp\/v2\/media?parent=239986"}],"wp:term":[{"taxonomy":"product_brand","embeddable":true,"href":"https:\/\/www.consul.ch\/de\/wp-json\/wp\/v2\/product_brand?post=239986"},{"taxonomy":"product_cat","embeddable":true,"href":"https:\/\/www.consul.ch\/de\/wp-json\/wp\/v2\/product_cat?post=239986"},{"taxonomy":"product_tag","embeddable":true,"href":"https:\/\/www.consul.ch\/de\/wp-json\/wp\/v2\/product_tag?post=239986"}],"curies":[{"name":"wp","href":"https:\/\/api.w.org\/{rel}","templated":true}]}}