{"id":240025,"date":"2020-06-02T11:37:34","date_gmt":"2020-06-02T09:37:34","guid":{"rendered":"https:\/\/www.consul.ch\/produit\/rustica\/"},"modified":"2022-05-13T11:14:01","modified_gmt":"2022-05-13T09:14:01","slug":"rustica","status":"publish","type":"product","link":"https:\/\/www.consul.ch\/de\/produit\/rustica\/","title":{"rendered":"Rustica"},"content":{"rendered":"<p>Weinbezeichnung: Rustica<br \/>\nRebsorte: Gamay, Gamaret, Garanoir et Pinot Noir<br \/>\nWeinberg: Kalkhaltiger Boden, sandig und flach<br \/>\nWeinbereitung: Traditionelle Weinherstellung<br \/>\nWeinprobe: Wein mit einer tiefen Farbe, frisch und fruchtig, mit einer perfekten Ausgewogenheit zwischen den 4 Rebsorten.<br \/>\nGastronomie: Als Aperitif, zu Fleisch, Grillspezialit\u00e4ten, Pizza, Teigwaren<br \/>\nFlaschengr\u00f6sse: 75 cl 50 cl<br \/>\nKorken Kapsel<\/p>\n","protected":false},"excerpt":{"rendered":"<p>La C\u00f4te AOC<\/p>\n","protected":false},"featured_media":239558,"comment_status":"open","ping_status":"closed","template":"","meta":{"_et_pb_use_builder":"","_et_pb_old_content":"","_et_gb_content_width":""},"product_brand":[],"product_cat":[91],"product_tag":[],"class_list":{"0":"post-240025","1":"product","2":"type-product","3":"status-publish","4":"has-post-thumbnail","6":"product_cat-vins-rouges-de","8":"first","9":"instock","10":"shipping-taxable","11":"purchasable","12":"product-type-variable"},"yoast_head":"<!-- This site is optimized with the Yoast SEO plugin v24.4 - https:\/\/yoast.com\/wordpress\/plugins\/seo\/ -->\n<title>Rustica - Cave du Consul<\/title>\n<meta name=\"robots\" content=\"index, follow, max-snippet:-1, max-image-preview:large, max-video-preview:-1\" \/>\n<link rel=\"canonical\" href=\"https:\/\/www.consul.ch\/de\/produit\/rustica\/\" \/>\n<meta property=\"og:locale\" content=\"de_DE\" \/>\n<meta property=\"og:type\" content=\"article\" \/>\n<meta property=\"og:title\" content=\"Rustica - Cave du Consul\" \/>\n<meta property=\"og:description\" content=\"La C\u00f4te AOC\" \/>\n<meta property=\"og:url\" content=\"https:\/\/www.consul.ch\/de\/produit\/rustica\/\" \/>\n<meta property=\"og:site_name\" content=\"Cave du Consul\" \/>\n<meta property=\"article:modified_time\" content=\"2022-05-13T09:14:01+00:00\" \/>\n<meta property=\"og:image\" content=\"https:\/\/www.consul.ch\/wp-content\/uploads\/2020\/06\/image20.png\" \/>\n\t<meta property=\"og:image:width\" content=\"1000\" \/>\n\t<meta property=\"og:image:height\" content=\"1534\" \/>\n\t<meta property=\"og:image:type\" content=\"image\/png\" \/>\n<meta name=\"twitter:card\" content=\"summary_large_image\" \/>\n<script type=\"application\/ld+json\" class=\"yoast-schema-graph\">{\"@context\":\"https:\/\/schema.org\",\"@graph\":[{\"@type\":\"WebPage\",\"@id\":\"https:\/\/www.consul.ch\/de\/produit\/rustica\/\",\"url\":\"https:\/\/www.consul.ch\/de\/produit\/rustica\/\",\"name\":\"Rustica - Cave du Consul\",\"isPartOf\":{\"@id\":\"https:\/\/www.consul.ch\/de\/NEW_2022\/#website\"},\"primaryImageOfPage\":{\"@id\":\"https:\/\/www.consul.ch\/de\/produit\/rustica\/#primaryimage\"},\"image\":{\"@id\":\"https:\/\/www.consul.ch\/de\/produit\/rustica\/#primaryimage\"},\"thumbnailUrl\":\"https:\/\/www.consul.ch\/wp-content\/uploads\/2020\/06\/image20.png\",\"datePublished\":\"2020-06-02T09:37:34+00:00\",\"dateModified\":\"2022-05-13T09:14:01+00:00\",\"breadcrumb\":{\"@id\":\"https:\/\/www.consul.ch\/de\/produit\/rustica\/#breadcrumb\"},\"inLanguage\":\"de\",\"potentialAction\":[{\"@type\":\"ReadAction\",\"target\":[\"https:\/\/www.consul.ch\/de\/produit\/rustica\/\"]}]},{\"@type\":\"ImageObject\",\"inLanguage\":\"de\",\"@id\":\"https:\/\/www.consul.ch\/de\/produit\/rustica\/#primaryimage\",\"url\":\"https:\/\/www.consul.ch\/wp-content\/uploads\/2020\/06\/image20.png\",\"contentUrl\":\"https:\/\/www.consul.ch\/wp-content\/uploads\/2020\/06\/image20.png\",\"width\":1000,\"height\":1534,\"caption\":\"image20\"},{\"@type\":\"BreadcrumbList\",\"@id\":\"https:\/\/www.consul.ch\/de\/produit\/rustica\/#breadcrumb\",\"itemListElement\":[{\"@type\":\"ListItem\",\"position\":1,\"name\":\"Accueil\",\"item\":\"https:\/\/www.consul.ch\/de\/\"},{\"@type\":\"ListItem\",\"position\":2,\"name\":\"Boutique\",\"item\":\"https:\/\/www.consul.ch\/de\/boutique\/\"},{\"@type\":\"ListItem\",\"position\":3,\"name\":\"Rustica\"}]},{\"@type\":\"WebSite\",\"@id\":\"https:\/\/www.consul.ch\/de\/NEW_2022\/#website\",\"url\":\"https:\/\/www.consul.ch\/de\/NEW_2022\/\",\"name\":\"Cave du Consul\",\"description\":\"Vins m\u00e9daill\u00e9s La C\u00f4te, Perroy\",\"potentialAction\":[{\"@type\":\"SearchAction\",\"target\":{\"@type\":\"EntryPoint\",\"urlTemplate\":\"https:\/\/www.consul.ch\/de\/NEW_2022\/?s={search_term_string}\"},\"query-input\":{\"@type\":\"PropertyValueSpecification\",\"valueRequired\":true,\"valueName\":\"search_term_string\"}}],\"inLanguage\":\"de\"}]}<\/script>\n<!-- \/ Yoast SEO plugin. -->","yoast_head_json":{"title":"Rustica - Cave du Consul","robots":{"index":"index","follow":"follow","max-snippet":"max-snippet:-1","max-image-preview":"max-image-preview:large","max-video-preview":"max-video-preview:-1"},"canonical":"https:\/\/www.consul.ch\/de\/produit\/rustica\/","og_locale":"de_DE","og_type":"article","og_title":"Rustica - Cave du Consul","og_description":"La C\u00f4te AOC","og_url":"https:\/\/www.consul.ch\/de\/produit\/rustica\/","og_site_name":"Cave du Consul","article_modified_time":"2022-05-13T09:14:01+00:00","og_image":[{"width":1000,"height":1534,"url":"https:\/\/www.consul.ch\/wp-content\/uploads\/2020\/06\/image20.png","type":"image\/png"}],"twitter_card":"summary_large_image","schema":{"@context":"https:\/\/schema.org","@graph":[{"@type":"WebPage","@id":"https:\/\/www.consul.ch\/de\/produit\/rustica\/","url":"https:\/\/www.consul.ch\/de\/produit\/rustica\/","name":"Rustica - Cave du Consul","isPartOf":{"@id":"https:\/\/www.consul.ch\/de\/NEW_2022\/#website"},"primaryImageOfPage":{"@id":"https:\/\/www.consul.ch\/de\/produit\/rustica\/#primaryimage"},"image":{"@id":"https:\/\/www.consul.ch\/de\/produit\/rustica\/#primaryimage"},"thumbnailUrl":"https:\/\/www.consul.ch\/wp-content\/uploads\/2020\/06\/image20.png","datePublished":"2020-06-02T09:37:34+00:00","dateModified":"2022-05-13T09:14:01+00:00","breadcrumb":{"@id":"https:\/\/www.consul.ch\/de\/produit\/rustica\/#breadcrumb"},"inLanguage":"de","potentialAction":[{"@type":"ReadAction","target":["https:\/\/www.consul.ch\/de\/produit\/rustica\/"]}]},{"@type":"ImageObject","inLanguage":"de","@id":"https:\/\/www.consul.ch\/de\/produit\/rustica\/#primaryimage","url":"https:\/\/www.consul.ch\/wp-content\/uploads\/2020\/06\/image20.png","contentUrl":"https:\/\/www.consul.ch\/wp-content\/uploads\/2020\/06\/image20.png","width":1000,"height":1534,"caption":"image20"},{"@type":"BreadcrumbList","@id":"https:\/\/www.consul.ch\/de\/produit\/rustica\/#breadcrumb","itemListElement":[{"@type":"ListItem","position":1,"name":"Accueil","item":"https:\/\/www.consul.ch\/de\/"},{"@type":"ListItem","position":2,"name":"Boutique","item":"https:\/\/www.consul.ch\/de\/boutique\/"},{"@type":"ListItem","position":3,"name":"Rustica"}]},{"@type":"WebSite","@id":"https:\/\/www.consul.ch\/de\/NEW_2022\/#website","url":"https:\/\/www.consul.ch\/de\/NEW_2022\/","name":"Cave du Consul","description":"Vins m\u00e9daill\u00e9s La C\u00f4te, Perroy","potentialAction":[{"@type":"SearchAction","target":{"@type":"EntryPoint","urlTemplate":"https:\/\/www.consul.ch\/de\/NEW_2022\/?s={search_term_string}"},"query-input":{"@type":"PropertyValueSpecification","valueRequired":true,"valueName":"search_term_string"}}],"inLanguage":"de"}]}},"_links":{"self":[{"href":"https:\/\/www.consul.ch\/de\/wp-json\/wp\/v2\/product\/240025","targetHints":{"allow":["GET"]}}],"collection":[{"href":"https:\/\/www.consul.ch\/de\/wp-json\/wp\/v2\/product"}],"about":[{"href":"https:\/\/www.consul.ch\/de\/wp-json\/wp\/v2\/types\/product"}],"replies":[{"embeddable":true,"href":"https:\/\/www.consul.ch\/de\/wp-json\/wp\/v2\/comments?post=240025"}],"wp:featuredmedia":[{"embeddable":true,"href":"https:\/\/www.consul.ch\/de\/wp-json\/wp\/v2\/media\/239558"}],"wp:attachment":[{"href":"https:\/\/www.consul.ch\/de\/wp-json\/wp\/v2\/media?parent=240025"}],"wp:term":[{"taxonomy":"product_brand","embeddable":true,"href":"https:\/\/www.consul.ch\/de\/wp-json\/wp\/v2\/product_brand?post=240025"},{"taxonomy":"product_cat","embeddable":true,"href":"https:\/\/www.consul.ch\/de\/wp-json\/wp\/v2\/product_cat?post=240025"},{"taxonomy":"product_tag","embeddable":true,"href":"https:\/\/www.consul.ch\/de\/wp-json\/wp\/v2\/product_tag?post=240025"}],"curies":[{"name":"wp","href":"https:\/\/api.w.org\/{rel}","templated":true}]}}