{"id":240029,"date":"2020-06-02T11:34:10","date_gmt":"2020-06-02T09:34:10","guid":{"rendered":"https:\/\/www.consul.ch\/produit\/rose-du-consul\/"},"modified":"2020-10-09T17:31:57","modified_gmt":"2020-10-09T15:31:57","slug":"rose-du-consul","status":"publish","type":"product","link":"https:\/\/www.consul.ch\/de\/produit\/rose-du-consul\/","title":{"rendered":"Ros\u00e9 du Consul"},"content":{"rendered":"<p>Weinbezeichnung: Ros\u00e9 du Consul<br \/>\nRebsorte: Gamay<br \/>\nWeinberg: Kalkhaltiger Boden, sandig und flach<br \/>\nWeinbereitung: WTraditionelle Weinherstellung<br \/>\nWeinprobe: Ein Ros\u00e9-Wein, frisch und fruchtig, ausgewogen mit Himbeer-Aromen<br \/>\nGastronomie: Ideal zum Aperitif und zu Grillfleisch<br \/>\nFlaschengr\u00f6sse: 75 cl<br \/>\nKapsel<\/p>\n","protected":false},"excerpt":{"rendered":"<p>Perroy Grand Cru AOC La C\u00f4te<\/p>\n","protected":false},"featured_media":239554,"comment_status":"open","ping_status":"closed","template":"","meta":{"_et_pb_use_builder":"","_et_pb_old_content":"","_et_gb_content_width":""},"product_brand":[],"product_cat":[114],"product_tag":[151],"class_list":{"0":"post-240029","1":"product","2":"type-product","3":"status-publish","4":"has-post-thumbnail","6":"product_cat-vins-roses-de","7":"product_tag-medaille-dor-de","9":"first","10":"instock","11":"shipping-taxable","12":"purchasable","13":"product-type-variable"},"yoast_head":"<!-- This site is optimized with the Yoast SEO plugin v24.4 - https:\/\/yoast.com\/wordpress\/plugins\/seo\/ -->\n<title>Ros\u00e9 du Consul - Cave du Consul<\/title>\n<meta name=\"robots\" content=\"index, follow, max-snippet:-1, max-image-preview:large, max-video-preview:-1\" \/>\n<link rel=\"canonical\" href=\"https:\/\/www.consul.ch\/de\/produit\/rose-du-consul\/\" \/>\n<meta property=\"og:locale\" content=\"de_DE\" \/>\n<meta property=\"og:type\" content=\"article\" \/>\n<meta property=\"og:title\" content=\"Ros\u00e9 du Consul - Cave du Consul\" \/>\n<meta property=\"og:description\" content=\"Perroy Grand Cru AOC La C\u00f4te\" \/>\n<meta property=\"og:url\" content=\"https:\/\/www.consul.ch\/de\/produit\/rose-du-consul\/\" \/>\n<meta property=\"og:site_name\" content=\"Cave du Consul\" \/>\n<meta property=\"article:modified_time\" content=\"2020-10-09T15:31:57+00:00\" \/>\n<meta property=\"og:image\" content=\"https:\/\/www.consul.ch\/wp-content\/uploads\/2020\/06\/image16-1.png\" \/>\n\t<meta property=\"og:image:width\" content=\"1000\" \/>\n\t<meta property=\"og:image:height\" content=\"1534\" \/>\n\t<meta property=\"og:image:type\" content=\"image\/png\" \/>\n<meta name=\"twitter:card\" content=\"summary_large_image\" \/>\n<script type=\"application\/ld+json\" class=\"yoast-schema-graph\">{\"@context\":\"https:\/\/schema.org\",\"@graph\":[{\"@type\":\"WebPage\",\"@id\":\"https:\/\/www.consul.ch\/de\/produit\/rose-du-consul\/\",\"url\":\"https:\/\/www.consul.ch\/de\/produit\/rose-du-consul\/\",\"name\":\"Ros\u00e9 du Consul - Cave du Consul\",\"isPartOf\":{\"@id\":\"https:\/\/www.consul.ch\/de\/NEW_2022\/#website\"},\"primaryImageOfPage\":{\"@id\":\"https:\/\/www.consul.ch\/de\/produit\/rose-du-consul\/#primaryimage\"},\"image\":{\"@id\":\"https:\/\/www.consul.ch\/de\/produit\/rose-du-consul\/#primaryimage\"},\"thumbnailUrl\":\"https:\/\/www.consul.ch\/wp-content\/uploads\/2020\/06\/image16-1.png\",\"datePublished\":\"2020-06-02T09:34:10+00:00\",\"dateModified\":\"2020-10-09T15:31:57+00:00\",\"breadcrumb\":{\"@id\":\"https:\/\/www.consul.ch\/de\/produit\/rose-du-consul\/#breadcrumb\"},\"inLanguage\":\"de\",\"potentialAction\":[{\"@type\":\"ReadAction\",\"target\":[\"https:\/\/www.consul.ch\/de\/produit\/rose-du-consul\/\"]}]},{\"@type\":\"ImageObject\",\"inLanguage\":\"de\",\"@id\":\"https:\/\/www.consul.ch\/de\/produit\/rose-du-consul\/#primaryimage\",\"url\":\"https:\/\/www.consul.ch\/wp-content\/uploads\/2020\/06\/image16-1.png\",\"contentUrl\":\"https:\/\/www.consul.ch\/wp-content\/uploads\/2020\/06\/image16-1.png\",\"width\":1000,\"height\":1534},{\"@type\":\"BreadcrumbList\",\"@id\":\"https:\/\/www.consul.ch\/de\/produit\/rose-du-consul\/#breadcrumb\",\"itemListElement\":[{\"@type\":\"ListItem\",\"position\":1,\"name\":\"Accueil\",\"item\":\"https:\/\/www.consul.ch\/de\/\"},{\"@type\":\"ListItem\",\"position\":2,\"name\":\"Boutique\",\"item\":\"https:\/\/www.consul.ch\/de\/boutique\/\"},{\"@type\":\"ListItem\",\"position\":3,\"name\":\"Ros\u00e9 du Consul\"}]},{\"@type\":\"WebSite\",\"@id\":\"https:\/\/www.consul.ch\/de\/NEW_2022\/#website\",\"url\":\"https:\/\/www.consul.ch\/de\/NEW_2022\/\",\"name\":\"Cave du Consul\",\"description\":\"Vins m\u00e9daill\u00e9s La C\u00f4te, Perroy\",\"potentialAction\":[{\"@type\":\"SearchAction\",\"target\":{\"@type\":\"EntryPoint\",\"urlTemplate\":\"https:\/\/www.consul.ch\/de\/NEW_2022\/?s={search_term_string}\"},\"query-input\":{\"@type\":\"PropertyValueSpecification\",\"valueRequired\":true,\"valueName\":\"search_term_string\"}}],\"inLanguage\":\"de\"}]}<\/script>\n<!-- \/ Yoast SEO plugin. -->","yoast_head_json":{"title":"Ros\u00e9 du Consul - Cave du Consul","robots":{"index":"index","follow":"follow","max-snippet":"max-snippet:-1","max-image-preview":"max-image-preview:large","max-video-preview":"max-video-preview:-1"},"canonical":"https:\/\/www.consul.ch\/de\/produit\/rose-du-consul\/","og_locale":"de_DE","og_type":"article","og_title":"Ros\u00e9 du Consul - Cave du Consul","og_description":"Perroy Grand Cru AOC La C\u00f4te","og_url":"https:\/\/www.consul.ch\/de\/produit\/rose-du-consul\/","og_site_name":"Cave du Consul","article_modified_time":"2020-10-09T15:31:57+00:00","og_image":[{"width":1000,"height":1534,"url":"https:\/\/www.consul.ch\/wp-content\/uploads\/2020\/06\/image16-1.png","type":"image\/png"}],"twitter_card":"summary_large_image","schema":{"@context":"https:\/\/schema.org","@graph":[{"@type":"WebPage","@id":"https:\/\/www.consul.ch\/de\/produit\/rose-du-consul\/","url":"https:\/\/www.consul.ch\/de\/produit\/rose-du-consul\/","name":"Ros\u00e9 du Consul - Cave du Consul","isPartOf":{"@id":"https:\/\/www.consul.ch\/de\/NEW_2022\/#website"},"primaryImageOfPage":{"@id":"https:\/\/www.consul.ch\/de\/produit\/rose-du-consul\/#primaryimage"},"image":{"@id":"https:\/\/www.consul.ch\/de\/produit\/rose-du-consul\/#primaryimage"},"thumbnailUrl":"https:\/\/www.consul.ch\/wp-content\/uploads\/2020\/06\/image16-1.png","datePublished":"2020-06-02T09:34:10+00:00","dateModified":"2020-10-09T15:31:57+00:00","breadcrumb":{"@id":"https:\/\/www.consul.ch\/de\/produit\/rose-du-consul\/#breadcrumb"},"inLanguage":"de","potentialAction":[{"@type":"ReadAction","target":["https:\/\/www.consul.ch\/de\/produit\/rose-du-consul\/"]}]},{"@type":"ImageObject","inLanguage":"de","@id":"https:\/\/www.consul.ch\/de\/produit\/rose-du-consul\/#primaryimage","url":"https:\/\/www.consul.ch\/wp-content\/uploads\/2020\/06\/image16-1.png","contentUrl":"https:\/\/www.consul.ch\/wp-content\/uploads\/2020\/06\/image16-1.png","width":1000,"height":1534},{"@type":"BreadcrumbList","@id":"https:\/\/www.consul.ch\/de\/produit\/rose-du-consul\/#breadcrumb","itemListElement":[{"@type":"ListItem","position":1,"name":"Accueil","item":"https:\/\/www.consul.ch\/de\/"},{"@type":"ListItem","position":2,"name":"Boutique","item":"https:\/\/www.consul.ch\/de\/boutique\/"},{"@type":"ListItem","position":3,"name":"Ros\u00e9 du Consul"}]},{"@type":"WebSite","@id":"https:\/\/www.consul.ch\/de\/NEW_2022\/#website","url":"https:\/\/www.consul.ch\/de\/NEW_2022\/","name":"Cave du Consul","description":"Vins m\u00e9daill\u00e9s La C\u00f4te, Perroy","potentialAction":[{"@type":"SearchAction","target":{"@type":"EntryPoint","urlTemplate":"https:\/\/www.consul.ch\/de\/NEW_2022\/?s={search_term_string}"},"query-input":{"@type":"PropertyValueSpecification","valueRequired":true,"valueName":"search_term_string"}}],"inLanguage":"de"}]}},"_links":{"self":[{"href":"https:\/\/www.consul.ch\/de\/wp-json\/wp\/v2\/product\/240029","targetHints":{"allow":["GET"]}}],"collection":[{"href":"https:\/\/www.consul.ch\/de\/wp-json\/wp\/v2\/product"}],"about":[{"href":"https:\/\/www.consul.ch\/de\/wp-json\/wp\/v2\/types\/product"}],"replies":[{"embeddable":true,"href":"https:\/\/www.consul.ch\/de\/wp-json\/wp\/v2\/comments?post=240029"}],"wp:featuredmedia":[{"embeddable":true,"href":"https:\/\/www.consul.ch\/de\/wp-json\/wp\/v2\/media\/239554"}],"wp:attachment":[{"href":"https:\/\/www.consul.ch\/de\/wp-json\/wp\/v2\/media?parent=240029"}],"wp:term":[{"taxonomy":"product_brand","embeddable":true,"href":"https:\/\/www.consul.ch\/de\/wp-json\/wp\/v2\/product_brand?post=240029"},{"taxonomy":"product_cat","embeddable":true,"href":"https:\/\/www.consul.ch\/de\/wp-json\/wp\/v2\/product_cat?post=240029"},{"taxonomy":"product_tag","embeddable":true,"href":"https:\/\/www.consul.ch\/de\/wp-json\/wp\/v2\/product_tag?post=240029"}],"curies":[{"name":"wp","href":"https:\/\/api.w.org\/{rel}","templated":true}]}}