{"id":240037,"date":"2020-06-02T11:28:54","date_gmt":"2020-06-02T09:28:54","guid":{"rendered":"https:\/\/www.consul.ch\/produit\/chardonnay\/"},"modified":"2020-10-21T19:54:56","modified_gmt":"2020-10-21T17:54:56","slug":"chardonnay","status":"publish","type":"product","link":"https:\/\/www.consul.ch\/de\/produit\/chardonnay\/","title":{"rendered":"Chardonnay"},"content":{"rendered":"<p>Weinbezeichnung: Chardonnay<br \/>\nRebsorte: Chardonnay<br \/>\nWeinberg: Steiniger Mor\u00e4nenboden mit Kalksteintextur<br \/>\nWeinbereitung: Weinherstellung in Eichenf\u00e4ssern<br \/>\nWeinprobe: &#8218;Der &#8218;Chardonnay&#8216; ist ein fruchtiger Wein mit einem sch\u00f6nen Gleichgewicht von Zucker und S\u00e4ure. Ein gastronomischer Wein mit kr\u00e4ftigen und komplexen Aromen. Mit Geschmacksnoten von frischen Fr\u00fcchten (Banane, schwarze Johannisbeere) bis zu Zitrusfr\u00fcchten (Zitrone, Orangenbl\u00fcte).<br \/>\nGastronomie: Zum Aperitif, zu Meeresfr\u00fcchten, Sushi, weisses Fleisch<br \/>\nFlaschengr\u00f6sse: 75 cl<br \/>\nKorken<\/p>\n","protected":false},"excerpt":{"rendered":"<p>Perroy Grand Cru AOC La C\u00f4te<\/p>\n","protected":false},"featured_media":239477,"comment_status":"open","ping_status":"closed","template":"","meta":{"_et_pb_use_builder":"","_et_pb_old_content":"","_et_gb_content_width":""},"product_brand":[],"product_cat":[117],"product_tag":[],"class_list":{"0":"post-240037","1":"product","2":"type-product","3":"status-publish","4":"has-post-thumbnail","6":"product_cat-vins-blancs-de","8":"first","9":"instock","10":"shipping-taxable","11":"purchasable","12":"product-type-variable"},"yoast_head":"<!-- This site is optimized with the Yoast SEO plugin v24.4 - https:\/\/yoast.com\/wordpress\/plugins\/seo\/ -->\n<title>Chardonnay - Cave du Consul<\/title>\n<meta name=\"robots\" content=\"index, follow, max-snippet:-1, max-image-preview:large, max-video-preview:-1\" \/>\n<link rel=\"canonical\" href=\"https:\/\/www.consul.ch\/de\/produit\/chardonnay\/\" \/>\n<meta property=\"og:locale\" content=\"de_DE\" \/>\n<meta property=\"og:type\" content=\"article\" \/>\n<meta property=\"og:title\" content=\"Chardonnay - Cave du Consul\" \/>\n<meta property=\"og:description\" content=\"Perroy Grand Cru AOC La C\u00f4te\" \/>\n<meta property=\"og:url\" content=\"https:\/\/www.consul.ch\/de\/produit\/chardonnay\/\" \/>\n<meta property=\"og:site_name\" content=\"Cave du Consul\" \/>\n<meta property=\"article:modified_time\" content=\"2020-10-21T17:54:56+00:00\" \/>\n<meta property=\"og:image\" content=\"https:\/\/www.consul.ch\/wp-content\/uploads\/2020\/06\/image13-1.jpg\" \/>\n\t<meta property=\"og:image:width\" content=\"1000\" \/>\n\t<meta property=\"og:image:height\" content=\"1534\" \/>\n\t<meta property=\"og:image:type\" content=\"image\/jpeg\" \/>\n<meta name=\"twitter:card\" content=\"summary_large_image\" \/>\n<script type=\"application\/ld+json\" class=\"yoast-schema-graph\">{\"@context\":\"https:\/\/schema.org\",\"@graph\":[{\"@type\":\"WebPage\",\"@id\":\"https:\/\/www.consul.ch\/de\/produit\/chardonnay\/\",\"url\":\"https:\/\/www.consul.ch\/de\/produit\/chardonnay\/\",\"name\":\"Chardonnay - Cave du Consul\",\"isPartOf\":{\"@id\":\"https:\/\/www.consul.ch\/de\/NEW_2022\/#website\"},\"primaryImageOfPage\":{\"@id\":\"https:\/\/www.consul.ch\/de\/produit\/chardonnay\/#primaryimage\"},\"image\":{\"@id\":\"https:\/\/www.consul.ch\/de\/produit\/chardonnay\/#primaryimage\"},\"thumbnailUrl\":\"https:\/\/www.consul.ch\/wp-content\/uploads\/2020\/06\/image13-1.jpg\",\"datePublished\":\"2020-06-02T09:28:54+00:00\",\"dateModified\":\"2020-10-21T17:54:56+00:00\",\"breadcrumb\":{\"@id\":\"https:\/\/www.consul.ch\/de\/produit\/chardonnay\/#breadcrumb\"},\"inLanguage\":\"de\",\"potentialAction\":[{\"@type\":\"ReadAction\",\"target\":[\"https:\/\/www.consul.ch\/de\/produit\/chardonnay\/\"]}]},{\"@type\":\"ImageObject\",\"inLanguage\":\"de\",\"@id\":\"https:\/\/www.consul.ch\/de\/produit\/chardonnay\/#primaryimage\",\"url\":\"https:\/\/www.consul.ch\/wp-content\/uploads\/2020\/06\/image13-1.jpg\",\"contentUrl\":\"https:\/\/www.consul.ch\/wp-content\/uploads\/2020\/06\/image13-1.jpg\",\"width\":1000,\"height\":1534},{\"@type\":\"BreadcrumbList\",\"@id\":\"https:\/\/www.consul.ch\/de\/produit\/chardonnay\/#breadcrumb\",\"itemListElement\":[{\"@type\":\"ListItem\",\"position\":1,\"name\":\"Accueil\",\"item\":\"https:\/\/www.consul.ch\/de\/\"},{\"@type\":\"ListItem\",\"position\":2,\"name\":\"Boutique\",\"item\":\"https:\/\/www.consul.ch\/de\/boutique\/\"},{\"@type\":\"ListItem\",\"position\":3,\"name\":\"Chardonnay\"}]},{\"@type\":\"WebSite\",\"@id\":\"https:\/\/www.consul.ch\/de\/NEW_2022\/#website\",\"url\":\"https:\/\/www.consul.ch\/de\/NEW_2022\/\",\"name\":\"Cave du Consul\",\"description\":\"Vins m\u00e9daill\u00e9s La C\u00f4te, Perroy\",\"potentialAction\":[{\"@type\":\"SearchAction\",\"target\":{\"@type\":\"EntryPoint\",\"urlTemplate\":\"https:\/\/www.consul.ch\/de\/NEW_2022\/?s={search_term_string}\"},\"query-input\":{\"@type\":\"PropertyValueSpecification\",\"valueRequired\":true,\"valueName\":\"search_term_string\"}}],\"inLanguage\":\"de\"}]}<\/script>\n<!-- \/ Yoast SEO plugin. -->","yoast_head_json":{"title":"Chardonnay - Cave du Consul","robots":{"index":"index","follow":"follow","max-snippet":"max-snippet:-1","max-image-preview":"max-image-preview:large","max-video-preview":"max-video-preview:-1"},"canonical":"https:\/\/www.consul.ch\/de\/produit\/chardonnay\/","og_locale":"de_DE","og_type":"article","og_title":"Chardonnay - Cave du Consul","og_description":"Perroy Grand Cru AOC La C\u00f4te","og_url":"https:\/\/www.consul.ch\/de\/produit\/chardonnay\/","og_site_name":"Cave du Consul","article_modified_time":"2020-10-21T17:54:56+00:00","og_image":[{"width":1000,"height":1534,"url":"https:\/\/www.consul.ch\/wp-content\/uploads\/2020\/06\/image13-1.jpg","type":"image\/jpeg"}],"twitter_card":"summary_large_image","schema":{"@context":"https:\/\/schema.org","@graph":[{"@type":"WebPage","@id":"https:\/\/www.consul.ch\/de\/produit\/chardonnay\/","url":"https:\/\/www.consul.ch\/de\/produit\/chardonnay\/","name":"Chardonnay - Cave du Consul","isPartOf":{"@id":"https:\/\/www.consul.ch\/de\/NEW_2022\/#website"},"primaryImageOfPage":{"@id":"https:\/\/www.consul.ch\/de\/produit\/chardonnay\/#primaryimage"},"image":{"@id":"https:\/\/www.consul.ch\/de\/produit\/chardonnay\/#primaryimage"},"thumbnailUrl":"https:\/\/www.consul.ch\/wp-content\/uploads\/2020\/06\/image13-1.jpg","datePublished":"2020-06-02T09:28:54+00:00","dateModified":"2020-10-21T17:54:56+00:00","breadcrumb":{"@id":"https:\/\/www.consul.ch\/de\/produit\/chardonnay\/#breadcrumb"},"inLanguage":"de","potentialAction":[{"@type":"ReadAction","target":["https:\/\/www.consul.ch\/de\/produit\/chardonnay\/"]}]},{"@type":"ImageObject","inLanguage":"de","@id":"https:\/\/www.consul.ch\/de\/produit\/chardonnay\/#primaryimage","url":"https:\/\/www.consul.ch\/wp-content\/uploads\/2020\/06\/image13-1.jpg","contentUrl":"https:\/\/www.consul.ch\/wp-content\/uploads\/2020\/06\/image13-1.jpg","width":1000,"height":1534},{"@type":"BreadcrumbList","@id":"https:\/\/www.consul.ch\/de\/produit\/chardonnay\/#breadcrumb","itemListElement":[{"@type":"ListItem","position":1,"name":"Accueil","item":"https:\/\/www.consul.ch\/de\/"},{"@type":"ListItem","position":2,"name":"Boutique","item":"https:\/\/www.consul.ch\/de\/boutique\/"},{"@type":"ListItem","position":3,"name":"Chardonnay"}]},{"@type":"WebSite","@id":"https:\/\/www.consul.ch\/de\/NEW_2022\/#website","url":"https:\/\/www.consul.ch\/de\/NEW_2022\/","name":"Cave du Consul","description":"Vins m\u00e9daill\u00e9s La C\u00f4te, Perroy","potentialAction":[{"@type":"SearchAction","target":{"@type":"EntryPoint","urlTemplate":"https:\/\/www.consul.ch\/de\/NEW_2022\/?s={search_term_string}"},"query-input":{"@type":"PropertyValueSpecification","valueRequired":true,"valueName":"search_term_string"}}],"inLanguage":"de"}]}},"_links":{"self":[{"href":"https:\/\/www.consul.ch\/de\/wp-json\/wp\/v2\/product\/240037","targetHints":{"allow":["GET"]}}],"collection":[{"href":"https:\/\/www.consul.ch\/de\/wp-json\/wp\/v2\/product"}],"about":[{"href":"https:\/\/www.consul.ch\/de\/wp-json\/wp\/v2\/types\/product"}],"replies":[{"embeddable":true,"href":"https:\/\/www.consul.ch\/de\/wp-json\/wp\/v2\/comments?post=240037"}],"wp:featuredmedia":[{"embeddable":true,"href":"https:\/\/www.consul.ch\/de\/wp-json\/wp\/v2\/media\/239477"}],"wp:attachment":[{"href":"https:\/\/www.consul.ch\/de\/wp-json\/wp\/v2\/media?parent=240037"}],"wp:term":[{"taxonomy":"product_brand","embeddable":true,"href":"https:\/\/www.consul.ch\/de\/wp-json\/wp\/v2\/product_brand?post=240037"},{"taxonomy":"product_cat","embeddable":true,"href":"https:\/\/www.consul.ch\/de\/wp-json\/wp\/v2\/product_cat?post=240037"},{"taxonomy":"product_tag","embeddable":true,"href":"https:\/\/www.consul.ch\/de\/wp-json\/wp\/v2\/product_tag?post=240037"}],"curies":[{"name":"wp","href":"https:\/\/api.w.org\/{rel}","templated":true}]}}