{"id":242325,"date":"2023-02-03T16:00:11","date_gmt":"2023-02-03T15:00:12","guid":{"rendered":"https:\/\/www.consul.ch\/?post_type=product&#038;p=242325"},"modified":"2023-08-24T19:00:42","modified_gmt":"2023-08-24T17:00:42","slug":"1er-grand-cru-la-donnery","status":"publish","type":"product","link":"https:\/\/www.consul.ch\/de\/produit\/1er-grand-cru-la-donnery\/","title":{"rendered":"1er Grand Cru la Donnery"},"content":{"rendered":"<p>Nom du Vin: 1er Grand Cru la Donnery<br \/>\nC\u00e9page: Chasselas<br \/>\nVignoble: Sol de Moraine, peu caillouteuse et tr\u00e8s compacte<br \/>\nElaboration: Vinification traditionnelle<br \/>\nD\u00e9gustation: Un vin \u00e9quilibr\u00e9, aux ar\u00f4mes harmonieux, fruit\u00e9 subtil et d\u00e9licat. Il a une belle longueur en bouche<br \/>\nGastronomie: Vin d&#8217;ap\u00e9ritif par excellence, il accompagne \u00e0 merveille les poissons du lac<br \/>\nFlaconnage: 75 cl 37.50 cl 150 cl<br \/>\nvis vis vis Li\u00e8ge<\/p>\n","protected":false},"excerpt":{"rendered":"<p>Perroy Grand Cru AOC La C\u00f4te<\/p>\n","protected":false},"featured_media":242760,"comment_status":"open","ping_status":"closed","template":"","meta":{"_et_pb_use_builder":"","_et_pb_old_content":"","_et_gb_content_width":""},"product_brand":[],"product_cat":[117],"product_tag":[151],"class_list":{"0":"post-242325","1":"product","2":"type-product","3":"status-publish","4":"has-post-thumbnail","6":"product_cat-vins-blancs-de","7":"product_tag-medaille-dor-de","9":"first","10":"instock","11":"shipping-taxable","12":"purchasable","13":"product-type-variable"},"yoast_head":"<!-- This site is optimized with the Yoast SEO plugin v24.4 - https:\/\/yoast.com\/wordpress\/plugins\/seo\/ -->\n<title>1er Grand Cru la Donnery - Cave du Consul<\/title>\n<meta name=\"robots\" content=\"index, follow, max-snippet:-1, max-image-preview:large, max-video-preview:-1\" \/>\n<link rel=\"canonical\" href=\"https:\/\/www.consul.ch\/de\/produit\/1er-grand-cru-la-donnery\/\" \/>\n<meta property=\"og:locale\" content=\"de_DE\" \/>\n<meta property=\"og:type\" content=\"article\" \/>\n<meta property=\"og:title\" content=\"1er Grand Cru la Donnery - Cave du Consul\" \/>\n<meta property=\"og:description\" content=\"Perroy Grand Cru AOC La C\u00f4te\" \/>\n<meta property=\"og:url\" content=\"https:\/\/www.consul.ch\/de\/produit\/1er-grand-cru-la-donnery\/\" \/>\n<meta property=\"og:site_name\" content=\"Cave du Consul\" \/>\n<meta property=\"article:modified_time\" content=\"2023-08-24T17:00:42+00:00\" \/>\n<meta property=\"og:image\" content=\"https:\/\/www.consul.ch\/wp-content\/uploads\/2023\/02\/la-donnery.jpg\" \/>\n\t<meta property=\"og:image:width\" content=\"1000\" \/>\n\t<meta property=\"og:image:height\" content=\"1534\" \/>\n\t<meta property=\"og:image:type\" content=\"image\/jpeg\" \/>\n<meta name=\"twitter:card\" content=\"summary_large_image\" \/>\n<script type=\"application\/ld+json\" class=\"yoast-schema-graph\">{\"@context\":\"https:\/\/schema.org\",\"@graph\":[{\"@type\":\"WebPage\",\"@id\":\"https:\/\/www.consul.ch\/de\/produit\/1er-grand-cru-la-donnery\/\",\"url\":\"https:\/\/www.consul.ch\/de\/produit\/1er-grand-cru-la-donnery\/\",\"name\":\"1er Grand Cru la Donnery - Cave du Consul\",\"isPartOf\":{\"@id\":\"https:\/\/www.consul.ch\/de\/NEW_2022\/#website\"},\"primaryImageOfPage\":{\"@id\":\"https:\/\/www.consul.ch\/de\/produit\/1er-grand-cru-la-donnery\/#primaryimage\"},\"image\":{\"@id\":\"https:\/\/www.consul.ch\/de\/produit\/1er-grand-cru-la-donnery\/#primaryimage\"},\"thumbnailUrl\":\"https:\/\/www.consul.ch\/wp-content\/uploads\/2023\/02\/la-donnery.jpg\",\"datePublished\":\"2023-02-03T15:00:12+00:00\",\"dateModified\":\"2023-08-24T17:00:42+00:00\",\"breadcrumb\":{\"@id\":\"https:\/\/www.consul.ch\/de\/produit\/1er-grand-cru-la-donnery\/#breadcrumb\"},\"inLanguage\":\"de\",\"potentialAction\":[{\"@type\":\"ReadAction\",\"target\":[\"https:\/\/www.consul.ch\/de\/produit\/1er-grand-cru-la-donnery\/\"]}]},{\"@type\":\"ImageObject\",\"inLanguage\":\"de\",\"@id\":\"https:\/\/www.consul.ch\/de\/produit\/1er-grand-cru-la-donnery\/#primaryimage\",\"url\":\"https:\/\/www.consul.ch\/wp-content\/uploads\/2023\/02\/la-donnery.jpg\",\"contentUrl\":\"https:\/\/www.consul.ch\/wp-content\/uploads\/2023\/02\/la-donnery.jpg\",\"width\":1000,\"height\":1534},{\"@type\":\"BreadcrumbList\",\"@id\":\"https:\/\/www.consul.ch\/de\/produit\/1er-grand-cru-la-donnery\/#breadcrumb\",\"itemListElement\":[{\"@type\":\"ListItem\",\"position\":1,\"name\":\"Accueil\",\"item\":\"https:\/\/www.consul.ch\/de\/\"},{\"@type\":\"ListItem\",\"position\":2,\"name\":\"Boutique\",\"item\":\"https:\/\/www.consul.ch\/de\/boutique\/\"},{\"@type\":\"ListItem\",\"position\":3,\"name\":\"1er Grand Cru la Donnery\"}]},{\"@type\":\"WebSite\",\"@id\":\"https:\/\/www.consul.ch\/de\/NEW_2022\/#website\",\"url\":\"https:\/\/www.consul.ch\/de\/NEW_2022\/\",\"name\":\"Cave du Consul\",\"description\":\"Vins m\u00e9daill\u00e9s La C\u00f4te, Perroy\",\"potentialAction\":[{\"@type\":\"SearchAction\",\"target\":{\"@type\":\"EntryPoint\",\"urlTemplate\":\"https:\/\/www.consul.ch\/de\/NEW_2022\/?s={search_term_string}\"},\"query-input\":{\"@type\":\"PropertyValueSpecification\",\"valueRequired\":true,\"valueName\":\"search_term_string\"}}],\"inLanguage\":\"de\"}]}<\/script>\n<!-- \/ Yoast SEO plugin. -->","yoast_head_json":{"title":"1er Grand Cru la Donnery - Cave du Consul","robots":{"index":"index","follow":"follow","max-snippet":"max-snippet:-1","max-image-preview":"max-image-preview:large","max-video-preview":"max-video-preview:-1"},"canonical":"https:\/\/www.consul.ch\/de\/produit\/1er-grand-cru-la-donnery\/","og_locale":"de_DE","og_type":"article","og_title":"1er Grand Cru la Donnery - Cave du Consul","og_description":"Perroy Grand Cru AOC La C\u00f4te","og_url":"https:\/\/www.consul.ch\/de\/produit\/1er-grand-cru-la-donnery\/","og_site_name":"Cave du Consul","article_modified_time":"2023-08-24T17:00:42+00:00","og_image":[{"width":1000,"height":1534,"url":"https:\/\/www.consul.ch\/wp-content\/uploads\/2023\/02\/la-donnery.jpg","type":"image\/jpeg"}],"twitter_card":"summary_large_image","schema":{"@context":"https:\/\/schema.org","@graph":[{"@type":"WebPage","@id":"https:\/\/www.consul.ch\/de\/produit\/1er-grand-cru-la-donnery\/","url":"https:\/\/www.consul.ch\/de\/produit\/1er-grand-cru-la-donnery\/","name":"1er Grand Cru la Donnery - Cave du Consul","isPartOf":{"@id":"https:\/\/www.consul.ch\/de\/NEW_2022\/#website"},"primaryImageOfPage":{"@id":"https:\/\/www.consul.ch\/de\/produit\/1er-grand-cru-la-donnery\/#primaryimage"},"image":{"@id":"https:\/\/www.consul.ch\/de\/produit\/1er-grand-cru-la-donnery\/#primaryimage"},"thumbnailUrl":"https:\/\/www.consul.ch\/wp-content\/uploads\/2023\/02\/la-donnery.jpg","datePublished":"2023-02-03T15:00:12+00:00","dateModified":"2023-08-24T17:00:42+00:00","breadcrumb":{"@id":"https:\/\/www.consul.ch\/de\/produit\/1er-grand-cru-la-donnery\/#breadcrumb"},"inLanguage":"de","potentialAction":[{"@type":"ReadAction","target":["https:\/\/www.consul.ch\/de\/produit\/1er-grand-cru-la-donnery\/"]}]},{"@type":"ImageObject","inLanguage":"de","@id":"https:\/\/www.consul.ch\/de\/produit\/1er-grand-cru-la-donnery\/#primaryimage","url":"https:\/\/www.consul.ch\/wp-content\/uploads\/2023\/02\/la-donnery.jpg","contentUrl":"https:\/\/www.consul.ch\/wp-content\/uploads\/2023\/02\/la-donnery.jpg","width":1000,"height":1534},{"@type":"BreadcrumbList","@id":"https:\/\/www.consul.ch\/de\/produit\/1er-grand-cru-la-donnery\/#breadcrumb","itemListElement":[{"@type":"ListItem","position":1,"name":"Accueil","item":"https:\/\/www.consul.ch\/de\/"},{"@type":"ListItem","position":2,"name":"Boutique","item":"https:\/\/www.consul.ch\/de\/boutique\/"},{"@type":"ListItem","position":3,"name":"1er Grand Cru la Donnery"}]},{"@type":"WebSite","@id":"https:\/\/www.consul.ch\/de\/NEW_2022\/#website","url":"https:\/\/www.consul.ch\/de\/NEW_2022\/","name":"Cave du Consul","description":"Vins m\u00e9daill\u00e9s La C\u00f4te, Perroy","potentialAction":[{"@type":"SearchAction","target":{"@type":"EntryPoint","urlTemplate":"https:\/\/www.consul.ch\/de\/NEW_2022\/?s={search_term_string}"},"query-input":{"@type":"PropertyValueSpecification","valueRequired":true,"valueName":"search_term_string"}}],"inLanguage":"de"}]}},"_links":{"self":[{"href":"https:\/\/www.consul.ch\/de\/wp-json\/wp\/v2\/product\/242325","targetHints":{"allow":["GET"]}}],"collection":[{"href":"https:\/\/www.consul.ch\/de\/wp-json\/wp\/v2\/product"}],"about":[{"href":"https:\/\/www.consul.ch\/de\/wp-json\/wp\/v2\/types\/product"}],"replies":[{"embeddable":true,"href":"https:\/\/www.consul.ch\/de\/wp-json\/wp\/v2\/comments?post=242325"}],"wp:featuredmedia":[{"embeddable":true,"href":"https:\/\/www.consul.ch\/de\/wp-json\/wp\/v2\/media\/242760"}],"wp:attachment":[{"href":"https:\/\/www.consul.ch\/de\/wp-json\/wp\/v2\/media?parent=242325"}],"wp:term":[{"taxonomy":"product_brand","embeddable":true,"href":"https:\/\/www.consul.ch\/de\/wp-json\/wp\/v2\/product_brand?post=242325"},{"taxonomy":"product_cat","embeddable":true,"href":"https:\/\/www.consul.ch\/de\/wp-json\/wp\/v2\/product_cat?post=242325"},{"taxonomy":"product_tag","embeddable":true,"href":"https:\/\/www.consul.ch\/de\/wp-json\/wp\/v2\/product_tag?post=242325"}],"curies":[{"name":"wp","href":"https:\/\/api.w.org\/{rel}","templated":true}]}}