{"id":239915,"date":"2020-05-06T18:00:06","date_gmt":"2020-05-06T16:00:06","guid":{"rendered":"https:\/\/www.consul.ch\/agenda-evenements\/"},"modified":"2025-02-17T08:05:50","modified_gmt":"2025-02-17T07:05:50","slug":"wine-tasting-cote-vaudoise-perroy","status":"publish","type":"page","link":"https:\/\/www.consul.ch\/en\/wine-tasting-cote-vaudoise-perroy\/","title":{"rendered":"AGENDA and EVENTS"},"content":{"rendered":"<p>[et_pb_section fb_built=&#8221;1&#8243; _builder_version=&#8221;4.16&#8243; global_colors_info=&#8221;{}&#8221;][et_pb_row _builder_version=&#8221;4.16&#8243; global_colors_info=&#8221;{}&#8221;][et_pb_column type=&#8221;4_4&#8243; _builder_version=&#8221;4.16&#8243; global_colors_info=&#8221;{}&#8221;][et_pb_text module_class=&#8221;Titre-home&#8221; _builder_version=&#8221;4.16&#8243; _module_preset=&#8221;default&#8221; global_colors_info=&#8221;{}&#8221;]<\/p>\n<h1>Swiss wine tasting on La C\u00f4te, Perroy<\/h1>\n<p>[\/et_pb_text][et_pb_post_title meta=&#8221;off&#8221; featured_image=&#8221;off&#8221; _builder_version=&#8221;4.16&#8243; global_colors_info=&#8221;{}&#8221;][\/et_pb_post_title][dpdfg_filtergrid include_categories=&#8221;125,128&#8243; show_post_meta=&#8221;off&#8221; show_content=&#8221;on&#8221; truncate_content=&#8221;130&#8243; read_more=&#8221;on&#8221; read_more_text=&#8221;Read more&#8221; pagination_type=&#8221;scroll&#8221; overlay_icon_color=&#8221;#552988&#8243; bg_items=&#8221;RGBA(255,255,255,0)&#8221; _builder_version=&#8221;4.27.4&#8243; _module_preset=&#8221;default&#8221; custom_read_more_button=&#8221;on&#8221; read_more_button_text_size=&#8221;14px&#8221; read_more_button_text_color=&#8221;#552988&#8243; read_more_button_bg_color=&#8221;RGBA(255,255,255,0)&#8221; read_more_button_border_width=&#8221;0px&#8221; read_more_button_border_color=&#8221;RGBA(255,255,255,0)&#8221; read_more_button_border_radius=&#8221;0px&#8221; read_more_button_use_icon=&#8221;off&#8221; read_more_button_alignment=&#8221;left&#8221; read_more_button_custom_margin=&#8221;|0px||0px|false|false&#8221; read_more_button_custom_padding=&#8221;|0px||0px|false|false&#8221; custom_margin=&#8221;|0px||0px|false|false&#8221; custom_padding=&#8221;|0px||0px|false|false&#8221; hover_enabled=&#8221;0&#8243; border_width_all=&#8221;0px&#8221; locked=&#8221;off&#8221; global_colors_info=&#8221;{}&#8221; sticky_enabled=&#8221;0&#8243;][\/dpdfg_filtergrid][\/et_pb_column][\/et_pb_row][\/et_pb_section]<\/p>\n","protected":false},"excerpt":{"rendered":"<p>Swiss wine tasting on La C\u00f4te, Perroy<div class=\"et_pb_with_border et_pb_module dpdfg_filtergrid dpdfg_filtergrid_0\">\n\t\t\t\t\n\t\t\t\t\n\t\t\t\t\n\t\t\t\t\n\t\t\t\t\n\t\t\t\t\n\t\t\t\t<div class=\"et_pb_module_inner\">\n\t\t\t\t\t<!-- DPDFG Start Main Container --><div class=\"dp-dfg-container dp-dfg-layout-grid dp-dfg-skin-default dp-dfg-skin-top-filters\" data-active-filter=\"all\" data-page=\"1\" data-found-posts=\"6\" data-post-number=\"12\" data-default-filter=\"All\" data-link-filter=\"\" data-cache=\"off\" data-ratio=\"0.71\" data-show-thumb=\"on\" data-action=\"link\" data-new-window=\"off\" data-filters=\"on\" data-date-filters=\"off\" data-multifilter=\"off|OR\" data-multilevel=\"off|AND|off\" data-sorting=\"off\" data-order=\"DESC\" data-orderby=\"date\" data-initorderby=\"date\" data-url-navigation=\"off\" data-url-history=\"on|reload\" data-ajax-filters=\"off\" data-doing-ajax=\"off\" data-module=\"dpdfg_filtergrid_0\" data-search=\"off\" data-search-position=\"above\" data-terms-tags=\"on\" data-pagination=\"on\" data-filter-method=\"default\" data-third-party=\"\" data-lightbox=\"on|||\" data-video-preview=\"off\" data-no-init=\"off\" data-st=\"on\" data-no-results=\"off\"><div class=\"dp-dfg-filters dp-dfg-filters-buttons-layout\" data-layout=\"button\" data-orderby=\"id\" data-hierarchy-levels=\"off\"><ul class=\"dp-dfg-level dp-dfg-taxonomy-level-0 dp-dfg-taxonomy-all\" data-parent=\"0\" data-tax=\"all\" data-order=\"0\"><li class=\"dp-dfg-filter\" data-level=\"0\" data-parent=\"0\"><a class=\"dp-dfg-filter-link active all\" href=\"#\" data-term-id=\"all\" >All<\/a><\/li><li class=\"dp-dfg-filter\" data-level=\"0\" data-parent=\"0\"><a class=\"dp-dfg-filter-link news\" href=\"#\" data-term-id=\"125\" >News<\/a><\/li><\/ul><\/div><!-- DPDFG End Filters Container --><div class=\"dp-dfg-items\"><article id=\"post-244330\" class=\"dp-dfg-item post-244330 post type-post status-publish format-standard has-post-thumbnail hentry category-news dp-dfg-term-id-125\"     data-position=\"0\"   data-new-tab=\"off\"   data-action-priority=\"item\"><figure class=\"dp-dfg-image entry-thumb\"><a href=\"https:\/\/www.consul.ch\/en\/comptoir-de-la-vallee-de-joux-29-april-to-3-may-2026\/\" class=\"dp-dfg-image-link\" ><img loading=\"lazy\" decoding=\"async\" class=\"dp-dfg-featured-image\" src=\"https:\/\/www.consul.ch\/wp-content\/uploads\/2024\/05\/2023.04.12-Logo-Comptoir-Vallee-Joux.png\" alt=\"Comptoir de la Vall\u00e9e de Joux 29 April to 3 May 2026\" width=\"266\" height=\"96\" data-ratio=\"0.3609022556391\"\/><\/a><\/figure><div class=\"dp-dfg-overlay\"><span class=\"dfg_et_overlay\"  data-icon=\"&#xe050;\"><\/span><\/div><div class=\"dp-dfg-header entry-header\"><h2 class=\"entry-title\">Comptoir de la Vall\u00e9e de Joux 29 April to 3 May 2026<\/h2><\/div><div class=\"dp-dfg-content entry-summary\">We are pleased to announce that we will be attending the Comptoir de la Vall\u00e9e de Joux\r\n\r\nWednesday 29 April to Sunday 3 May ...<\/div><div class=\"et_pb_button_wrapper read-more-wrapper\"><a class=\"et_pb_button dp-dfg-more-button\" href=\"https:\/\/www.consul.ch\/en\/comptoir-de-la-vallee-de-joux-29-april-to-3-may-2026\/\" data-icon=\"&#x35;\" >Read more<\/a><\/div><\/article><!-- DPDFG End Post Item Container --><article id=\"post-244316\" class=\"dp-dfg-item post-244316 post type-post status-publish format-standard has-post-thumbnail hentry category-news dp-dfg-term-id-125\"     data-position=\"1\"   data-new-tab=\"off\"   data-action-priority=\"item\"><figure class=\"dp-dfg-image entry-thumb\"><a href=\"https:\/\/www.consul.ch\/en\/helvetia-fribourg-10-and-11-april-2026\/\" class=\"dp-dfg-image-link\" ><img loading=\"lazy\" decoding=\"async\" class=\"dp-dfg-featured-image\" src=\"https:\/\/www.consul.ch\/wp-content\/uploads\/2023\/03\/2023.03.21-Logo-Helvetica-Fribourg.png\" alt=\"HELVETIA Fribourg 10 and 11 April 2026\" width=\"258\" height=\"137\" data-ratio=\"0.53100775193798\"\/><\/a><\/figure><div class=\"dp-dfg-overlay\"><span class=\"dfg_et_overlay\"  data-icon=\"&#xe050;\"><\/span><\/div><div class=\"dp-dfg-header entry-header\"><h2 class=\"entry-title\">HELVETIA Fribourg 10 and 11 April 2026<\/h2><\/div><div class=\"dp-dfg-content entry-summary\">We are pleased to inform you that we will be present at HELVETIA Wine and Foods Tasting at the Salle Communale de St-L\u00e9onard ...<\/div><div class=\"et_pb_button_wrapper read-more-wrapper\"><a class=\"et_pb_button dp-dfg-more-button\" href=\"https:\/\/www.consul.ch\/en\/helvetia-fribourg-10-and-11-april-2026\/\" data-icon=\"&#x35;\" >Read more<\/a><\/div><\/article><!-- DPDFG End Post Item Container --><article id=\"post-244305\" class=\"dp-dfg-item post-244305 post type-post status-publish format-audio has-post-thumbnail hentry category-news post_format-post-format-audio dp-dfg-term-id-125\"     data-position=\"2\"   data-new-tab=\"off\"   data-action-priority=\"item\"><figure class=\"dp-dfg-image entry-thumb\"><a href=\"https:\/\/www.consul.ch\/en\/cellars-open-24-and-25-april-2026\/\" class=\"dp-dfg-image-link\" ><img loading=\"lazy\" decoding=\"async\" class=\"dp-dfg-featured-image\" src=\"https:\/\/www.consul.ch\/wp-content\/uploads\/2023\/03\/IMG_3965-400x284.jpg\" alt=\"Cellars open 24 and 25 APRIL 2026\" width=\"400\" height=\"284\" data-ratio=\"0.71\"\/><\/a><\/figure><div class=\"dp-dfg-overlay\"><span class=\"dfg_et_overlay\"  data-icon=\"&#xe050;\"><\/span><\/div><div class=\"dp-dfg-header entry-header\"><h2 class=\"entry-title\">Cellars open 24 and 25 APRIL 2026<\/h2><\/div><div class=\"dp-dfg-content entry-summary\">Tasting of the 2025 vintage.\r\n\r\nMalakoff, snack bar, cellar tour.\r\n\r\nFriday 24 April 2026 4pm - 8pm.\r\n\r\nSaturday 25 April ...<\/div><div class=\"et_pb_button_wrapper read-more-wrapper\"><a class=\"et_pb_button dp-dfg-more-button\" href=\"https:\/\/www.consul.ch\/en\/cellars-open-24-and-25-april-2026\/\" data-icon=\"&#x35;\" >Read more<\/a><\/div><\/article><!-- DPDFG End Post Item Container --><article id=\"post-244053\" class=\"dp-dfg-item post-244053 post type-post status-publish format-audio has-post-thumbnail hentry category-news post_format-post-format-audio dp-dfg-term-id-125\"     data-position=\"3\"   data-new-tab=\"off\"   data-action-priority=\"item\"><figure class=\"dp-dfg-image entry-thumb\"><a href=\"https:\/\/www.consul.ch\/en\/cellars-open-03-and-04-october-2025\/\" class=\"dp-dfg-image-link\" ><img loading=\"lazy\" decoding=\"async\" class=\"dp-dfg-featured-image\" src=\"https:\/\/www.consul.ch\/wp-content\/uploads\/2023\/03\/IMG_3965-400x284.jpg\" alt=\"Cellars open 03 and 04 October 2025\" width=\"400\" height=\"284\" data-ratio=\"0.71\"\/><\/a><\/figure><div class=\"dp-dfg-overlay\"><span class=\"dfg_et_overlay\"  data-icon=\"&#xe050;\"><\/span><\/div><div class=\"dp-dfg-header entry-header\"><h2 class=\"entry-title\">Cellars open 03 and 04 October 2025<\/h2><\/div><div class=\"dp-dfg-content entry-summary\">Tasting of the 2024 vintage.\r\n\r\nMalakoff, snack bar, cellar tour.\r\n\r\nFriday 03 October 2025 4pm - 8pm.\r\n\r\nSaturday 04 ...<\/div><div class=\"et_pb_button_wrapper read-more-wrapper\"><a class=\"et_pb_button dp-dfg-more-button\" href=\"https:\/\/www.consul.ch\/en\/cellars-open-03-and-04-october-2025\/\" data-icon=\"&#x35;\" >Read more<\/a><\/div><\/article><!-- DPDFG End Post Item Container --><article id=\"post-243844\" class=\"dp-dfg-item post-243844 post type-post status-publish format-standard has-post-thumbnail hentry category-news dp-dfg-term-id-125\"     data-position=\"4\"   data-new-tab=\"off\"   data-action-priority=\"item\"><figure class=\"dp-dfg-image entry-thumb\"><a href=\"https:\/\/www.consul.ch\/en\/divinum-26-to-31-march-2025\/\" class=\"dp-dfg-image-link\" ><img loading=\"lazy\" decoding=\"async\" class=\"dp-dfg-featured-image\" src=\"https:\/\/www.consul.ch\/wp-content\/uploads\/2026\/01\/2026.01.09-Logo-Divinum-2026-400x284.png\" alt=\"DIVINUM 25 to 30 March 2026\" width=\"400\" height=\"284\" data-ratio=\"0.71\"\/><\/a><\/figure><div class=\"dp-dfg-overlay\"><span class=\"dfg_et_overlay\"  data-icon=\"&#xe050;\"><\/span><\/div><div class=\"dp-dfg-header entry-header\"><h2 class=\"entry-title\">DIVINUM 25 to 30 March 2026<\/h2><\/div><div class=\"dp-dfg-content entry-summary\">We are pleased to inform you that we will be present at the DIVINUM wine fair, at the Place des Sports in Morges, ...<\/div><div class=\"et_pb_button_wrapper read-more-wrapper\"><a class=\"et_pb_button dp-dfg-more-button\" href=\"https:\/\/www.consul.ch\/en\/divinum-26-to-31-march-2025\/\" data-icon=\"&#x35;\" >Read more<\/a><\/div><\/article><!-- DPDFG End Post Item Container --><article id=\"post-243602\" class=\"dp-dfg-item post-243602 post type-post status-publish format-standard has-post-thumbnail hentry category-news dp-dfg-term-id-125\"     data-position=\"5\"   data-new-tab=\"off\"   data-action-priority=\"item\"><figure class=\"dp-dfg-image entry-thumb\"><a href=\"https:\/\/www.consul.ch\/en\/wyschiff-in-solothurn-from-07-to-10-november-2024\/\" class=\"dp-dfg-image-link\" ><img loading=\"lazy\" decoding=\"async\" class=\"dp-dfg-featured-image\" src=\"https:\/\/www.consul.ch\/wp-content\/uploads\/2025\/10\/2025.10.17-Wyschiff-Soleure-400x284.png\" alt=\"Wyschiff in Solothurn from 06 to 09 November 2025\" width=\"400\" height=\"284\" data-ratio=\"0.71\"\/><\/a><\/figure><div class=\"dp-dfg-overlay\"><span class=\"dfg_et_overlay\"  data-icon=\"&#xe050;\"><\/span><\/div><div class=\"dp-dfg-header entry-header\"><h2 class=\"entry-title\">Wyschiff in Solothurn from 06 to 09 November 2025<\/h2><\/div><div class=\"dp-dfg-content entry-summary\">We will be present at the Wyschiff in Solothurn.\r\nfrom Thursday 06 to Sunday 09 November 2025\r\n\r\nThursday and Friday from ...<\/div><div class=\"et_pb_button_wrapper read-more-wrapper\"><a class=\"et_pb_button dp-dfg-more-button\" href=\"https:\/\/www.consul.ch\/en\/wyschiff-in-solothurn-from-07-to-10-november-2024\/\" data-icon=\"&#x35;\" >Read more<\/a><\/div><\/article><!-- DPDFG End Post Item Container --><\/div><!-- DPDFG End Posts Items Container --><\/div><!-- DPDFG End Main Container -->\n\t\t\t\t<\/div>\n\t\t\t<\/div><\/p>\n","protected":false},"author":5,"featured_media":0,"parent":0,"menu_order":0,"comment_status":"closed","ping_status":"closed","template":"","meta":{"_et_pb_use_builder":"on","_et_pb_old_content":"","_et_gb_content_width":"","footnotes":""},"class_list":["post-239915","page","type-page","status-publish","hentry"],"yoast_head":"<!-- This site is optimized with the Yoast SEO plugin v24.4 - https:\/\/yoast.com\/wordpress\/plugins\/seo\/ -->\n<title>La Cave du Consul in Perroy | Wine tasting | The Vaudoise Coast<\/title>\n<meta name=\"description\" content=\"La Cave du Consul in Perroy invites you to its domain in the heart of the C\u00f4te in the canton of Vaud, on an estate where the wines are of renowned quality. Red, ros\u00e9, white, sparkling wines, several times Gold and Silver medalists, Terravin, Grand Prix du vin Suisse. Swiss Wine Tasting.\" \/>\n<meta name=\"robots\" content=\"index, follow, max-snippet:-1, max-image-preview:large, max-video-preview:-1\" \/>\n<link rel=\"canonical\" href=\"https:\/\/www.consul.ch\/en\/wine-tasting-cote-vaudoise-perroy\/\" \/>\n<meta property=\"og:locale\" content=\"en_US\" \/>\n<meta property=\"og:type\" content=\"article\" \/>\n<meta property=\"og:title\" content=\"La Cave du Consul in Perroy | Wine tasting | The Vaudoise Coast\" \/>\n<meta property=\"og:description\" content=\"La Cave du Consul in Perroy invites you to its domain in the heart of the C\u00f4te in the canton of Vaud, on an estate where the wines are of renowned quality. Red, ros\u00e9, white, sparkling wines, several times Gold and Silver medalists, Terravin, Grand Prix du vin Suisse. Swiss Wine Tasting.\" \/>\n<meta property=\"og:url\" content=\"https:\/\/www.consul.ch\/en\/wine-tasting-cote-vaudoise-perroy\/\" \/>\n<meta property=\"og:site_name\" content=\"Cave du Consul\" \/>\n<meta property=\"article:modified_time\" content=\"2025-02-17T07:05:50+00:00\" \/>\n<meta name=\"twitter:card\" content=\"summary_large_image\" \/>\n<meta name=\"twitter:label1\" content=\"Est. reading time\" \/>\n\t<meta name=\"twitter:data1\" content=\"3 minutes\" \/>\n<script type=\"application\/ld+json\" class=\"yoast-schema-graph\">{\"@context\":\"https:\/\/schema.org\",\"@graph\":[{\"@type\":\"WebPage\",\"@id\":\"https:\/\/www.consul.ch\/en\/wine-tasting-cote-vaudoise-perroy\/\",\"url\":\"https:\/\/www.consul.ch\/en\/wine-tasting-cote-vaudoise-perroy\/\",\"name\":\"La Cave du Consul in Perroy | Wine tasting | The Vaudoise Coast\",\"isPartOf\":{\"@id\":\"https:\/\/www.consul.ch\/en\/NEW_2022\/#website\"},\"datePublished\":\"2020-05-06T16:00:06+00:00\",\"dateModified\":\"2025-02-17T07:05:50+00:00\",\"description\":\"La Cave du Consul in Perroy invites you to its domain in the heart of the C\u00f4te in the canton of Vaud, on an estate where the wines are of renowned quality. Red, ros\u00e9, white, sparkling wines, several times Gold and Silver medalists, Terravin, Grand Prix du vin Suisse. Swiss Wine Tasting.\",\"breadcrumb\":{\"@id\":\"https:\/\/www.consul.ch\/en\/wine-tasting-cote-vaudoise-perroy\/#breadcrumb\"},\"inLanguage\":\"en-US\",\"potentialAction\":[{\"@type\":\"ReadAction\",\"target\":[\"https:\/\/www.consul.ch\/en\/wine-tasting-cote-vaudoise-perroy\/\"]}]},{\"@type\":\"BreadcrumbList\",\"@id\":\"https:\/\/www.consul.ch\/en\/wine-tasting-cote-vaudoise-perroy\/#breadcrumb\",\"itemListElement\":[{\"@type\":\"ListItem\",\"position\":1,\"name\":\"Accueil\",\"item\":\"https:\/\/www.consul.ch\/en\/\"},{\"@type\":\"ListItem\",\"position\":2,\"name\":\"AGENDA and EVENTS\"}]},{\"@type\":\"WebSite\",\"@id\":\"https:\/\/www.consul.ch\/en\/NEW_2022\/#website\",\"url\":\"https:\/\/www.consul.ch\/en\/NEW_2022\/\",\"name\":\"Cave du Consul\",\"description\":\"Vins m\u00e9daill\u00e9s La C\u00f4te, Perroy\",\"potentialAction\":[{\"@type\":\"SearchAction\",\"target\":{\"@type\":\"EntryPoint\",\"urlTemplate\":\"https:\/\/www.consul.ch\/en\/NEW_2022\/?s={search_term_string}\"},\"query-input\":{\"@type\":\"PropertyValueSpecification\",\"valueRequired\":true,\"valueName\":\"search_term_string\"}}],\"inLanguage\":\"en-US\"}]}<\/script>\n<!-- \/ Yoast SEO plugin. -->","yoast_head_json":{"title":"La Cave du Consul in Perroy | Wine tasting | The Vaudoise Coast","description":"La Cave du Consul in Perroy invites you to its domain in the heart of the C\u00f4te in the canton of Vaud, on an estate where the wines are of renowned quality. Red, ros\u00e9, white, sparkling wines, several times Gold and Silver medalists, Terravin, Grand Prix du vin Suisse. Swiss Wine Tasting.","robots":{"index":"index","follow":"follow","max-snippet":"max-snippet:-1","max-image-preview":"max-image-preview:large","max-video-preview":"max-video-preview:-1"},"canonical":"https:\/\/www.consul.ch\/en\/wine-tasting-cote-vaudoise-perroy\/","og_locale":"en_US","og_type":"article","og_title":"La Cave du Consul in Perroy | Wine tasting | The Vaudoise Coast","og_description":"La Cave du Consul in Perroy invites you to its domain in the heart of the C\u00f4te in the canton of Vaud, on an estate where the wines are of renowned quality. Red, ros\u00e9, white, sparkling wines, several times Gold and Silver medalists, Terravin, Grand Prix du vin Suisse. Swiss Wine Tasting.","og_url":"https:\/\/www.consul.ch\/en\/wine-tasting-cote-vaudoise-perroy\/","og_site_name":"Cave du Consul","article_modified_time":"2025-02-17T07:05:50+00:00","twitter_card":"summary_large_image","twitter_misc":{"Est. reading time":"3 minutes"},"schema":{"@context":"https:\/\/schema.org","@graph":[{"@type":"WebPage","@id":"https:\/\/www.consul.ch\/en\/wine-tasting-cote-vaudoise-perroy\/","url":"https:\/\/www.consul.ch\/en\/wine-tasting-cote-vaudoise-perroy\/","name":"La Cave du Consul in Perroy | Wine tasting | The Vaudoise Coast","isPartOf":{"@id":"https:\/\/www.consul.ch\/en\/NEW_2022\/#website"},"datePublished":"2020-05-06T16:00:06+00:00","dateModified":"2025-02-17T07:05:50+00:00","description":"La Cave du Consul in Perroy invites you to its domain in the heart of the C\u00f4te in the canton of Vaud, on an estate where the wines are of renowned quality. Red, ros\u00e9, white, sparkling wines, several times Gold and Silver medalists, Terravin, Grand Prix du vin Suisse. Swiss Wine Tasting.","breadcrumb":{"@id":"https:\/\/www.consul.ch\/en\/wine-tasting-cote-vaudoise-perroy\/#breadcrumb"},"inLanguage":"en-US","potentialAction":[{"@type":"ReadAction","target":["https:\/\/www.consul.ch\/en\/wine-tasting-cote-vaudoise-perroy\/"]}]},{"@type":"BreadcrumbList","@id":"https:\/\/www.consul.ch\/en\/wine-tasting-cote-vaudoise-perroy\/#breadcrumb","itemListElement":[{"@type":"ListItem","position":1,"name":"Accueil","item":"https:\/\/www.consul.ch\/en\/"},{"@type":"ListItem","position":2,"name":"AGENDA and EVENTS"}]},{"@type":"WebSite","@id":"https:\/\/www.consul.ch\/en\/NEW_2022\/#website","url":"https:\/\/www.consul.ch\/en\/NEW_2022\/","name":"Cave du Consul","description":"Vins m\u00e9daill\u00e9s La C\u00f4te, Perroy","potentialAction":[{"@type":"SearchAction","target":{"@type":"EntryPoint","urlTemplate":"https:\/\/www.consul.ch\/en\/NEW_2022\/?s={search_term_string}"},"query-input":{"@type":"PropertyValueSpecification","valueRequired":true,"valueName":"search_term_string"}}],"inLanguage":"en-US"}]}},"_links":{"self":[{"href":"https:\/\/www.consul.ch\/en\/wp-json\/wp\/v2\/pages\/239915","targetHints":{"allow":["GET"]}}],"collection":[{"href":"https:\/\/www.consul.ch\/en\/wp-json\/wp\/v2\/pages"}],"about":[{"href":"https:\/\/www.consul.ch\/en\/wp-json\/wp\/v2\/types\/page"}],"author":[{"embeddable":true,"href":"https:\/\/www.consul.ch\/en\/wp-json\/wp\/v2\/users\/5"}],"replies":[{"embeddable":true,"href":"https:\/\/www.consul.ch\/en\/wp-json\/wp\/v2\/comments?post=239915"}],"version-history":[{"count":8,"href":"https:\/\/www.consul.ch\/en\/wp-json\/wp\/v2\/pages\/239915\/revisions"}],"predecessor-version":[{"id":243941,"href":"https:\/\/www.consul.ch\/en\/wp-json\/wp\/v2\/pages\/239915\/revisions\/243941"}],"wp:attachment":[{"href":"https:\/\/www.consul.ch\/en\/wp-json\/wp\/v2\/media?parent=239915"}],"curies":[{"name":"wp","href":"https:\/\/api.w.org\/{rel}","templated":true}]}}