{"id":239934,"date":"2020-09-29T13:14:49","date_gmt":"2020-09-29T11:14:49","guid":{"rendered":"https:\/\/www.consul.ch\/?page_id=239934"},"modified":"2023-02-21T09:09:47","modified_gmt":"2023-02-21T08:09:47","slug":"order-online","status":"publish","type":"page","link":"https:\/\/www.consul.ch\/en\/order-online\/","title":{"rendered":"ORDERS"},"content":{"rendered":"<p>[et_pb_section fb_built=&#8221;1&#8243; admin_label=&#8221;Header&#8221; module_class=&#8221;ddd_about_us_header&#8221; _builder_version=&#8221;4.4.5&#8243; background_image=&#8221;https:\/\/www.consul.ch\/wp-content\/uploads\/2020\/05\/fechy-perroy.jpg&#8221; custom_margin=&#8221;|||&#8221; custom_padding=&#8221;54px|0px|0px|0px&#8221; bottom_divider_color=&#8221;#ffffff&#8221; bottom_divider_height=&#8221;175px&#8221; custom_css_before=&#8221;    content: %22%22;||    display: block;||    background-color: #000;||    position: absolute;||    top: 0;||    left: 0;||    width: 100%;||    height: 100%;||    opacity: 0.55;&#8221; global_colors_info=&#8221;{}&#8221;][et_pb_row admin_label=&#8221;Header&#8221; _builder_version=&#8221;3.25&#8243; background_size=&#8221;initial&#8221; background_position=&#8221;top_left&#8221; background_repeat=&#8221;repeat&#8221; max_width=&#8221;1175px&#8221; custom_margin=&#8221;|||&#8221; custom_padding=&#8221;2.5%||5.3%|||&#8221; use_custom_width=&#8221;on&#8221; custom_width_px=&#8221;1175px&#8221; global_colors_info=&#8221;{}&#8221;][et_pb_column type=&#8221;4_4&#8243; _builder_version=&#8221;3.25&#8243; custom_padding=&#8221;|||&#8221; global_colors_info=&#8221;{}&#8221; custom_padding__hover=&#8221;|||&#8221;][et_pb_text module_class=&#8221;Titre-home&#8221; _builder_version=&#8221;4.6.5&#8243; _module_preset=&#8221;default&#8221; global_colors_info=&#8221;{}&#8221;]<\/p>\n<h1>La Cave du Consul in Perroy | Order Online | The Vaudoise Coast<\/h1>\n<p>[\/et_pb_text][et_pb_text admin_label=&#8221;About Us&#8221; _builder_version=&#8221;4.6.5&#8243; text_font=&#8221;Poppins|500|||||||&#8221; text_text_color=&#8221;#ffffff&#8221; text_font_size=&#8221;60px&#8221; text_line_height=&#8221;60px&#8221; background_layout=&#8221;dark&#8221; custom_margin=&#8221;|||-1px&#8221; animation_style=&#8221;fade&#8221; text_font_size_tablet=&#8221;50&#8243; text_font_size_phone=&#8221;40&#8243; text_font_size_last_edited=&#8221;on|phone&#8221; global_colors_info=&#8221;{}&#8221;]<\/p>\n<p>&nbsp;<\/p>\n<p>&nbsp;<\/p>\n<p>[\/et_pb_text][\/et_pb_column][\/et_pb_row][\/et_pb_section][et_pb_section fb_built=&#8221;1&#8243; module_id=&#8221;shop&#8221; _builder_version=&#8221;4.4.5&#8243; background_enable_color=&#8221;off&#8221; global_colors_info=&#8221;{}&#8221;][et_pb_row _builder_version=&#8221;4.4.5&#8243; global_colors_info=&#8221;{}&#8221;][et_pb_column type=&#8221;4_4&#8243; _builder_version=&#8221;4.4.5&#8243; global_colors_info=&#8221;{}&#8221;][et_pb_code _builder_version=&#8221;4.4.5&#8243; text_orientation=&#8221;center&#8221; global_colors_info=&#8221;{}&#8221;]\r\n    <div id=\"wwof_product_listing_container\" data-categories=\"0\" data-products=\"0\">\r\n    <div id=\"wwof_product_listing_filter\">\r\n        <input type=\"text\" id=\"wwof_product_search_form\" class=\"filter_field\" placeholder=\"Search by name\"\/>\r\n\r\n        <select id=\"wwof_product_search_category_filter\">\r\n\r\n            <option value=\"\">-- No Category Filter --<\/option>\r\n            <option value=\"eaux-de-vie-en\" >Brandy<\/option><option value=\"red-award-wining-wines-perroy-vaud-la-cote\" >Red wines<\/option><option value=\"reserve-en\" >Reserve<\/option><option value=\"rose-wines-perroy-vaud-la-cote\" >Ros\u00e9 wines<\/option><option value=\"sparkling-wines-perroy-vaud-la-cote\" >Sparkling wines<\/option><option value=\"specialites-en\" >Specialties<\/option><option value=\"white-wines-medalists-perroy-la-cote\" >White wines<\/option>\r\n        <\/select>\r\n\r\n        <input type=\"button\" id=\"wwof_product_search_btn\" class=\"button button-primary\" value=\"Search\"\/>\r\n        <input type=\"button\" id=\"wwof_product_displayall_btn\" class=\"button button-secondary\" value=\"Show All Products\"\/>\r\n    <\/div><!--#wwof_product_listing_filter-->\r\n        <div id=\"wwof_product_listing_ajax_content\" style=\"position: relative;\">\r\n            <!--AJAX Content Goes Here -->\r\n        <\/div><!--#wwof_product_listing_ajax_content-->\r\n\r\n    <\/div><!--#wwof_product_listing_container-->[\/et_pb_code][et_pb_text _builder_version=&#8221;4.14.7&#8243; hover_enabled=&#8221;0&#8243; global_colors_info=&#8221;{}&#8221; sticky_enabled=&#8221;0&#8243;]<\/p>\n<p><strong>Conditions :<\/strong><br \/>Net at 30 days.<br \/>Conditions valid only for Switzerland, for other countries consult us. On the shipmentof less than 12 bottles, CHF 10.- postage in addition. From 8 cartons, VAT included. Credit cards: Maestro and Postcard accepted at the property. Gift packaging: 1\/2\/3\/6 bottles, packaging extra. For any order not taken in the cellar within 3 months, the wine will be shipped without notice..<\/p>\n<p>[\/et_pb_text][\/et_pb_column][\/et_pb_row][\/et_pb_section]<\/p>\n","protected":false},"excerpt":{"rendered":"<p>La Cave du Consul in Perroy | Order Online | The Vaudoise Coast&nbsp; &nbsp;\r\n    <div id=\"wwof_product_listing_container\" data-categories=\"0\" data-products=\"0\">\r\n    <div id=\"wwof_product_listing_filter\">\r\n        <input type=\"text\" id=\"wwof_product_search_form\" class=\"filter_field\" placeholder=\"Search by name\"\/>\r\n\r\n        <select id=\"wwof_product_search_category_filter\">\r\n\r\n            <option value=\"\">-- No Category Filter --<\/option>\r\n            <option value=\"eaux-de-vie-en\" >Brandy<\/option><option value=\"red-award-wining-wines-perroy-vaud-la-cote\" >Red wines<\/option><option value=\"reserve-en\" >Reserve<\/option><option value=\"rose-wines-perroy-vaud-la-cote\" >Ros\u00e9 wines<\/option><option value=\"sparkling-wines-perroy-vaud-la-cote\" >Sparkling wines<\/option><option value=\"specialites-en\" >Specialties<\/option><option value=\"white-wines-medalists-perroy-la-cote\" >White wines<\/option>\r\n        <\/select>\r\n\r\n        <input type=\"button\" id=\"wwof_product_search_btn\" class=\"button button-primary\" value=\"Search\"\/>\r\n        <input type=\"button\" id=\"wwof_product_displayall_btn\" class=\"button button-secondary\" value=\"Show All Products\"\/>\r\n    <\/div><!--#wwof_product_listing_filter-->\r\n        <div id=\"wwof_product_listing_ajax_content\" style=\"position: relative;\">\r\n            <!--AJAX Content Goes Here -->\r\n        <\/div><!--#wwof_product_listing_ajax_content-->\r\n\r\n    <\/div><!--#wwof_product_listing_container-->Conditions :Net at 30 days.Conditions valid only for Switzerland, for other countries consult us. On the shipmentof less than 12 bottles, CHF 10.- postage in addition. From 8 cartons, VAT included. Credit cards: Maestro and Postcard accepted at the property. Gift packaging: [&hellip;]<\/p>\n","protected":false},"author":5,"featured_media":0,"parent":0,"menu_order":0,"comment_status":"closed","ping_status":"closed","template":"","meta":{"_et_pb_use_builder":"on","_et_pb_old_content":"[et_pb_section fb_built=\"1\" admin_label=\"Header\" module_class=\"ddd_about_us_header\" _builder_version=\"4.4.5\" background_image=\"https:\/\/www.consul.ch\/wp-content\/uploads\/2020\/05\/fechy-perroy.jpg\" custom_margin=\"|||\" custom_padding=\"54px|0px|0px|0px\" bottom_divider_color=\"#ffffff\" bottom_divider_height=\"175px\" custom_css_before=\"    content: %22%22;||    display: block;||    background-color: #000;||    position: absolute;||    top: 0;||    left: 0;||    width: 100%;||    height: 100%;||    opacity: 0.55;\"][et_pb_row admin_label=\"Header\" _builder_version=\"3.25\" background_size=\"initial\" background_position=\"top_left\" background_repeat=\"repeat\" max_width=\"1175px\" custom_margin=\"|||\" custom_padding=\"2.5%||5.3%|||\" use_custom_width=\"on\" custom_width_px=\"1175px\"][et_pb_column type=\"4_4\" _builder_version=\"3.25\" custom_padding=\"|||\" custom_padding__hover=\"|||\"][et_pb_text admin_label=\"About Us\" _builder_version=\"4.4.5\" text_font=\"Poppins|500|||||||\" text_text_color=\"#ffffff\" text_font_size=\"60px\" text_line_height=\"60px\" background_layout=\"dark\" custom_margin=\"|||-1px\" animation_style=\"fade\" text_font_size_tablet=\"50\" text_font_size_phone=\"40\" text_font_size_last_edited=\"on|phone\"]<p>\u00a0<\/p>\r\n<p>\u00a0<\/p>[\/et_pb_text][\/et_pb_column][\/et_pb_row][\/et_pb_section][et_pb_section fb_built=\"1\" module_id=\"shop\" _builder_version=\"4.4.5\" background_enable_color=\"off\"][et_pb_row _builder_version=\"4.4.5\"][et_pb_column type=\"4_4\" _builder_version=\"4.4.5\"][et_pb_text _builder_version=\"4.4.5\" hover_enabled=\"0\"]<p><strong>Conditions :<\/strong> <br \/>Net \u00e0 30 jours.<br \/>A l\u2019exp\u00e9dition de moins de 12 bouteilles, CHF 10.- de port en sus.<br \/>A partir de 8 cartons, tarif \u00ab prix cave \u00bb TVA incluse.<br \/>Cartes de cr\u00e9dit : Maestro et Postcard accept\u00e9es au domaine.<br \/>Emballage cadeau : 1\/2\/3\/6 bouteilles, emballages en sus.<br \/>Pour toute commande non prise en cave dans un d\u00e9lai de 3 mois, le vin sera exp\u00e9di\u00e9 sans pr\u00e9avis.<\/p>\r\n[\/et_pb_text][et_pb_code _builder_version=\"4.4.5\" text_orientation=\"center\" hover_enabled=\"0\"][wwof_product_listing][\/et_pb_code][\/et_pb_column][\/et_pb_row][\/et_pb_section]","_et_gb_content_width":"","footnotes":""},"class_list":["post-239934","page","type-page","status-publish","hentry"],"yoast_head":"<!-- This site is optimized with the Yoast SEO plugin v24.4 - https:\/\/yoast.com\/wordpress\/plugins\/seo\/ -->\n<title>La Cave du Consul in Perroy | Order Online | The Vaudoise Coast<\/title>\n<meta name=\"description\" content=\"La Cave du Consul in Perroy invites you to its domain in the heart of the C\u00f4te in the canton of Vaud, on an estate with wines of renowned quality. Red, ros\u00e9, white, sparkling wine, several times Gold and Silver medalists, Terravin, Selection of Vaud wines. Order in line.\" \/>\n<meta name=\"robots\" content=\"index, follow, max-snippet:-1, max-image-preview:large, max-video-preview:-1\" \/>\n<link rel=\"canonical\" href=\"https:\/\/www.consul.ch\/en\/order-online\/\" \/>\n<meta property=\"og:locale\" content=\"en_US\" \/>\n<meta property=\"og:type\" content=\"article\" \/>\n<meta property=\"og:title\" content=\"La Cave du Consul in Perroy | Order Online | The Vaudoise Coast\" \/>\n<meta property=\"og:description\" content=\"La Cave du Consul in Perroy invites you to its domain in the heart of the C\u00f4te in the canton of Vaud, on an estate with wines of renowned quality. Red, ros\u00e9, white, sparkling wine, several times Gold and Silver medalists, Terravin, Selection of Vaud wines. Order in line.\" \/>\n<meta property=\"og:url\" content=\"https:\/\/www.consul.ch\/en\/order-online\/\" \/>\n<meta property=\"og:site_name\" content=\"Cave du Consul\" \/>\n<meta property=\"article:modified_time\" content=\"2023-02-21T08:09:47+00:00\" \/>\n<meta name=\"twitter:card\" content=\"summary_large_image\" \/>\n<meta name=\"twitter:label1\" content=\"Est. reading time\" \/>\n\t<meta name=\"twitter:data1\" content=\"2 minutes\" \/>\n<script type=\"application\/ld+json\" class=\"yoast-schema-graph\">{\"@context\":\"https:\/\/schema.org\",\"@graph\":[{\"@type\":\"WebPage\",\"@id\":\"https:\/\/www.consul.ch\/en\/order-online\/\",\"url\":\"https:\/\/www.consul.ch\/en\/order-online\/\",\"name\":\"La Cave du Consul in Perroy | Order Online | The Vaudoise Coast\",\"isPartOf\":{\"@id\":\"https:\/\/www.consul.ch\/en\/NEW_2022\/#website\"},\"datePublished\":\"2020-09-29T11:14:49+00:00\",\"dateModified\":\"2023-02-21T08:09:47+00:00\",\"description\":\"La Cave du Consul in Perroy invites you to its domain in the heart of the C\u00f4te in the canton of Vaud, on an estate with wines of renowned quality. Red, ros\u00e9, white, sparkling wine, several times Gold and Silver medalists, Terravin, Selection of Vaud wines. Order in line.\",\"breadcrumb\":{\"@id\":\"https:\/\/www.consul.ch\/en\/order-online\/#breadcrumb\"},\"inLanguage\":\"en-US\",\"potentialAction\":[{\"@type\":\"ReadAction\",\"target\":[\"https:\/\/www.consul.ch\/en\/order-online\/\"]}]},{\"@type\":\"BreadcrumbList\",\"@id\":\"https:\/\/www.consul.ch\/en\/order-online\/#breadcrumb\",\"itemListElement\":[{\"@type\":\"ListItem\",\"position\":1,\"name\":\"Accueil\",\"item\":\"https:\/\/www.consul.ch\/en\/\"},{\"@type\":\"ListItem\",\"position\":2,\"name\":\"ORDERS\"}]},{\"@type\":\"WebSite\",\"@id\":\"https:\/\/www.consul.ch\/en\/NEW_2022\/#website\",\"url\":\"https:\/\/www.consul.ch\/en\/NEW_2022\/\",\"name\":\"Cave du Consul\",\"description\":\"Vins m\u00e9daill\u00e9s La C\u00f4te, Perroy\",\"potentialAction\":[{\"@type\":\"SearchAction\",\"target\":{\"@type\":\"EntryPoint\",\"urlTemplate\":\"https:\/\/www.consul.ch\/en\/NEW_2022\/?s={search_term_string}\"},\"query-input\":{\"@type\":\"PropertyValueSpecification\",\"valueRequired\":true,\"valueName\":\"search_term_string\"}}],\"inLanguage\":\"en-US\"}]}<\/script>\n<!-- \/ Yoast SEO plugin. -->","yoast_head_json":{"title":"La Cave du Consul in Perroy | Order Online | The Vaudoise Coast","description":"La Cave du Consul in Perroy invites you to its domain in the heart of the C\u00f4te in the canton of Vaud, on an estate with wines of renowned quality. Red, ros\u00e9, white, sparkling wine, several times Gold and Silver medalists, Terravin, Selection of Vaud wines. Order in line.","robots":{"index":"index","follow":"follow","max-snippet":"max-snippet:-1","max-image-preview":"max-image-preview:large","max-video-preview":"max-video-preview:-1"},"canonical":"https:\/\/www.consul.ch\/en\/order-online\/","og_locale":"en_US","og_type":"article","og_title":"La Cave du Consul in Perroy | Order Online | The Vaudoise Coast","og_description":"La Cave du Consul in Perroy invites you to its domain in the heart of the C\u00f4te in the canton of Vaud, on an estate with wines of renowned quality. Red, ros\u00e9, white, sparkling wine, several times Gold and Silver medalists, Terravin, Selection of Vaud wines. Order in line.","og_url":"https:\/\/www.consul.ch\/en\/order-online\/","og_site_name":"Cave du Consul","article_modified_time":"2023-02-21T08:09:47+00:00","twitter_card":"summary_large_image","twitter_misc":{"Est. reading time":"2 minutes"},"schema":{"@context":"https:\/\/schema.org","@graph":[{"@type":"WebPage","@id":"https:\/\/www.consul.ch\/en\/order-online\/","url":"https:\/\/www.consul.ch\/en\/order-online\/","name":"La Cave du Consul in Perroy | Order Online | The Vaudoise Coast","isPartOf":{"@id":"https:\/\/www.consul.ch\/en\/NEW_2022\/#website"},"datePublished":"2020-09-29T11:14:49+00:00","dateModified":"2023-02-21T08:09:47+00:00","description":"La Cave du Consul in Perroy invites you to its domain in the heart of the C\u00f4te in the canton of Vaud, on an estate with wines of renowned quality. Red, ros\u00e9, white, sparkling wine, several times Gold and Silver medalists, Terravin, Selection of Vaud wines. Order in line.","breadcrumb":{"@id":"https:\/\/www.consul.ch\/en\/order-online\/#breadcrumb"},"inLanguage":"en-US","potentialAction":[{"@type":"ReadAction","target":["https:\/\/www.consul.ch\/en\/order-online\/"]}]},{"@type":"BreadcrumbList","@id":"https:\/\/www.consul.ch\/en\/order-online\/#breadcrumb","itemListElement":[{"@type":"ListItem","position":1,"name":"Accueil","item":"https:\/\/www.consul.ch\/en\/"},{"@type":"ListItem","position":2,"name":"ORDERS"}]},{"@type":"WebSite","@id":"https:\/\/www.consul.ch\/en\/NEW_2022\/#website","url":"https:\/\/www.consul.ch\/en\/NEW_2022\/","name":"Cave du Consul","description":"Vins m\u00e9daill\u00e9s La C\u00f4te, Perroy","potentialAction":[{"@type":"SearchAction","target":{"@type":"EntryPoint","urlTemplate":"https:\/\/www.consul.ch\/en\/NEW_2022\/?s={search_term_string}"},"query-input":{"@type":"PropertyValueSpecification","valueRequired":true,"valueName":"search_term_string"}}],"inLanguage":"en-US"}]}},"_links":{"self":[{"href":"https:\/\/www.consul.ch\/en\/wp-json\/wp\/v2\/pages\/239934","targetHints":{"allow":["GET"]}}],"collection":[{"href":"https:\/\/www.consul.ch\/en\/wp-json\/wp\/v2\/pages"}],"about":[{"href":"https:\/\/www.consul.ch\/en\/wp-json\/wp\/v2\/types\/page"}],"author":[{"embeddable":true,"href":"https:\/\/www.consul.ch\/en\/wp-json\/wp\/v2\/users\/5"}],"replies":[{"embeddable":true,"href":"https:\/\/www.consul.ch\/en\/wp-json\/wp\/v2\/comments?post=239934"}],"version-history":[{"count":9,"href":"https:\/\/www.consul.ch\/en\/wp-json\/wp\/v2\/pages\/239934\/revisions"}],"predecessor-version":[{"id":242363,"href":"https:\/\/www.consul.ch\/en\/wp-json\/wp\/v2\/pages\/239934\/revisions\/242363"}],"wp:attachment":[{"href":"https:\/\/www.consul.ch\/en\/wp-json\/wp\/v2\/media?parent=239934"}],"curies":[{"name":"wp","href":"https:\/\/api.w.org\/{rel}","templated":true}]}}