{"id":240531,"date":"2020-10-07T20:21:29","date_gmt":"2020-10-07T18:21:29","guid":{"rendered":"https:\/\/www.consul.ch\/?page_id=240531"},"modified":"2025-02-11T11:32:10","modified_gmt":"2025-02-11T10:32:10","slug":"swiss-wine-la-cote-perroy","status":"publish","type":"page","link":"https:\/\/www.consul.ch\/en\/swiss-wine-la-cote-perroy\/","title":{"rendered":"PRESS"},"content":{"rendered":"<p>[et_pb_section fb_built=&#8221;1&#8243; admin_label=&#8221;section&#8221; _builder_version=&#8221;4.16&#8243; global_colors_info=&#8221;{}&#8221;][et_pb_row admin_label=&#8221;row&#8221; _builder_version=&#8221;4.16&#8243; background_size=&#8221;initial&#8221; background_position=&#8221;top_left&#8221; background_repeat=&#8221;repeat&#8221; global_colors_info=&#8221;{}&#8221;][et_pb_column type=&#8221;4_4&#8243; _builder_version=&#8221;4.16&#8243; custom_padding=&#8221;|||&#8221; global_colors_info=&#8221;{}&#8221; custom_padding__hover=&#8221;|||&#8221;][et_pb_text module_class=&#8221;Titre-home&#8221; _builder_version=&#8221;4.16&#8243; _module_preset=&#8221;default&#8221; global_colors_info=&#8221;{}&#8221;]<\/p>\n<h1>Swiss wine La C\u00f4te, Perroy<\/h1>\n<p>[\/et_pb_text][et_pb_post_title meta=&#8221;off&#8221; featured_image=&#8221;off&#8221; _builder_version=&#8221;4.16&#8243; global_colors_info=&#8221;{}&#8221;][\/et_pb_post_title][dpdfg_filtergrid custom_query=&#8221;advanced&#8221; multiple_cpt=&#8221;project&#8221; show_title=&#8221;off&#8221; show_post_meta=&#8221;off&#8221; custom_url=&#8221;on&#8221; custom_url_field_name=&#8221;pdf&#8221; custom_url_target=&#8221;on&#8221; show_filters=&#8221;off&#8221; overlay_icon_color=&#8221;#552988&#8243; _builder_version=&#8221;4.24.2&#8243; _module_preset=&#8221;default&#8221; locked=&#8221;off&#8221; global_colors_info=&#8221;{}&#8221;][\/dpdfg_filtergrid][\/et_pb_column][\/et_pb_row][\/et_pb_section]<\/p>\n","protected":false},"excerpt":{"rendered":"<p>Swiss wine La C\u00f4te, Perroy<div class=\"et_pb_module dpdfg_filtergrid dpdfg_filtergrid_0\">\n\t\t\t\t\n\t\t\t\t\n\t\t\t\t\n\t\t\t\t\n\t\t\t\t\n\t\t\t\t\n\t\t\t\t<div class=\"et_pb_module_inner\">\n\t\t\t\t\t<!-- DPDFG Start Main Container --><div class=\"dp-dfg-container dp-dfg-layout-grid dp-dfg-skin-default dp-dfg-skin-top-filters\" data-active-filter=\"all\" data-page=\"1\" data-found-posts=\"9\" data-post-number=\"12\" data-default-filter=\"All\" data-link-filter=\"\" data-cache=\"off\" data-ratio=\"0.71\" data-show-thumb=\"on\" data-action=\"link\" data-new-window=\"off\" data-filters=\"off\" data-date-filters=\"off\" data-multifilter=\"off|OR\" data-multilevel=\"off|AND|off\" data-sorting=\"off\" data-order=\"DESC\" data-orderby=\"date\" data-initorderby=\"date\" data-url-navigation=\"off\" data-url-history=\"on|reload\" data-ajax-filters=\"off\" data-doing-ajax=\"off\" data-module=\"dpdfg_filtergrid_0\" data-search=\"off\" data-search-position=\"above\" data-terms-tags=\"on\" data-pagination=\"on\" data-filter-method=\"default\" data-third-party=\"\" data-lightbox=\"on|||\" data-video-preview=\"off\" data-no-init=\"off\" data-st=\"on\" data-no-results=\"off\"><div class=\"dp-dfg-items\"><article id=\"post-243502\" class=\"dp-dfg-item post-243502 project type-project status-publish has-post-thumbnail hentry\"     data-position=\"0\"   data-new-tab=\"off\"   data-action-priority=\"item\"><figure class=\"dp-dfg-image entry-thumb\"><a href=\"https:\/\/www.consul.ch\/en\/project\/article-terre-nature-08-08-24\/\" class=\"dp-dfg-image-link\" ><img loading=\"lazy\" decoding=\"async\" class=\"dp-dfg-featured-image\" src=\"https:\/\/www.consul.ch\/wp-content\/uploads\/2024\/08\/Capture-decran-2024-08-25-a-23.04.44-400x284.png\" alt=\"Article Terre &#038; Nature &#8211; 08.08.24\" width=\"400\" height=\"284\" data-ratio=\"0.71\"\/><\/a><\/figure><div class=\"dp-dfg-overlay\"><span class=\"dfg_et_overlay\"  data-icon=\"&#xe050;\"><\/span><\/div><\/article><!-- DPDFG End Post Item Container --><article id=\"post-243487\" class=\"dp-dfg-item post-243487 project type-project status-publish has-post-thumbnail hentry\"     data-position=\"1\"   data-new-tab=\"off\"   data-action-priority=\"item\"><figure class=\"dp-dfg-image entry-thumb\"><a href=\"https:\/\/www.consul.ch\/en\/project\/article-gault-millau-06-08-24\/\" class=\"dp-dfg-image-link\" ><img loading=\"lazy\" decoding=\"async\" class=\"dp-dfg-featured-image\" src=\"https:\/\/www.consul.ch\/wp-content\/uploads\/2024\/08\/Capture-decran-2024-08-25-a-22.47.28-1-400x284.png\" alt=\"Article Gault &#038; Millau &#8211; 06.08.24\" width=\"400\" height=\"284\" data-ratio=\"0.71\"\/><\/a><\/figure><div class=\"dp-dfg-overlay\"><span class=\"dfg_et_overlay\"  data-icon=\"&#xe050;\"><\/span><\/div><\/article><!-- DPDFG End Post Item Container --><article id=\"post-242986\" class=\"dp-dfg-item post-242986 project type-project status-publish has-post-thumbnail hentry\"     data-position=\"2\"   data-new-tab=\"off\"   data-action-priority=\"item\"><figure class=\"dp-dfg-image entry-thumb\"><a href=\"https:\/\/www.consul.ch\/en\/project\/article-la-cote-2e-trophee-escargot-rouge-16-11-23\/\" class=\"dp-dfg-image-link\" ><img loading=\"lazy\" decoding=\"async\" class=\"dp-dfg-featured-image\" src=\"https:\/\/www.consul.ch\/wp-content\/uploads\/2023\/12\/Capture-decran-2023-12-11-a-16.16.04-400x284.png\" alt=\"Article La C\u00f4te &#8211; 2e Troph\u00e9e Escargot Rouge &#8211; 16.11.23\" width=\"400\" height=\"284\" data-ratio=\"0.71\"\/><\/a><\/figure><div class=\"dp-dfg-overlay\"><span class=\"dfg_et_overlay\"  data-icon=\"&#xe050;\"><\/span><\/div><\/article><!-- DPDFG End Post Item Container --><article id=\"post-242937\" class=\"dp-dfg-item post-242937 project type-project status-publish has-post-thumbnail hentry\"     data-position=\"3\"   data-new-tab=\"off\"   data-action-priority=\"item\"><figure class=\"dp-dfg-image entry-thumb\"><a href=\"https:\/\/www.consul.ch\/en\/project\/article-gault-millau-10-11-23\/\" class=\"dp-dfg-image-link\" ><img loading=\"lazy\" decoding=\"async\" class=\"dp-dfg-featured-image\" src=\"https:\/\/www.consul.ch\/wp-content\/uploads\/2023\/11\/Capture-decran-2023-11-16-a-10.14.57-400x284.png\" alt=\"Article Gault &#038; Millau 10.11.23\" width=\"400\" height=\"284\" data-ratio=\"0.71\"\/><\/a><\/figure><div class=\"dp-dfg-overlay\"><span class=\"dfg_et_overlay\"  data-icon=\"&#xe050;\"><\/span><\/div><\/article><!-- DPDFG End Post Item Container --><article id=\"post-242934\" class=\"dp-dfg-item post-242934 project type-project status-publish has-post-thumbnail hentry\"     data-position=\"4\"   data-new-tab=\"off\"   data-action-priority=\"item\"><figure class=\"dp-dfg-image entry-thumb\"><a href=\"https:\/\/www.consul.ch\/en\/project\/article-24-heures-2e-trophee-escargot-rouge-11-11-23\/\" class=\"dp-dfg-image-link\" ><img loading=\"lazy\" decoding=\"async\" class=\"dp-dfg-featured-image\" src=\"https:\/\/www.consul.ch\/wp-content\/uploads\/2023\/11\/Capture-decran-2023-11-16-a-10.20.00-400x284.png\" alt=\"Article 24 Heures &#8211; 2e Troph\u00e9e Escargot Rouge &#8211; 11.11.23\" width=\"400\" height=\"284\" data-ratio=\"0.71\"\/><\/a><\/figure><div class=\"dp-dfg-overlay\"><span class=\"dfg_et_overlay\"  data-icon=\"&#xe050;\"><\/span><\/div><\/article><!-- DPDFG End Post Item Container --><article id=\"post-242928\" class=\"dp-dfg-item post-242928 project type-project status-publish has-post-thumbnail hentry\"     data-position=\"5\"   data-new-tab=\"off\"   data-action-priority=\"item\"><figure class=\"dp-dfg-image entry-thumb\"><a href=\"https:\/\/www.consul.ch\/en\/project\/article-sommeliers-internationnal-03-05-2021\/\" class=\"dp-dfg-image-link\" ><img loading=\"lazy\" decoding=\"async\" class=\"dp-dfg-featured-image\" src=\"https:\/\/www.consul.ch\/wp-content\/uploads\/2022\/11\/Article-Sommeliers-international-06.2021-400x284.png\" alt=\"Article sommeliers internationnal 03.05.2021\" width=\"400\" height=\"284\" data-ratio=\"0.71\"\/><\/a><\/figure><div class=\"dp-dfg-overlay\"><span class=\"dfg_et_overlay\"  data-icon=\"&#xe050;\"><\/span><\/div><\/article><!-- DPDFG End Post Item Container --><article id=\"post-242233\" class=\"dp-dfg-item post-242233 project type-project status-publish has-post-thumbnail hentry\"     data-position=\"6\"   data-new-tab=\"on\"   data-action-priority=\"item\"><figure class=\"dp-dfg-image entry-thumb\"><a href=\"https:\/\/www.24heures.ch\/la-cave-du-consul-remporte-les-lauriers-de-platine-377978209532\" class=\"dp-dfg-image-link\" target=\"_blank\"><img loading=\"lazy\" decoding=\"async\" class=\"dp-dfg-featured-image\" src=\"https:\/\/www.consul.ch\/wp-content\/uploads\/2022\/11\/Capture-de\u0301cran-2022-11-29-a\u0300-12.43.48-400x284.png\" alt=\"Article 24 heures Lauriers de Platine B\u00e9rollon le Consul mill\u00e9sime 2021\" width=\"400\" height=\"284\" data-ratio=\"0.71\"\/><\/a><\/figure><div class=\"dp-dfg-overlay\"><span class=\"dfg_et_overlay\"  data-icon=\"&#xe050;\"><\/span><\/div><\/article><!-- DPDFG End Post Item Container --><article id=\"post-242222\" class=\"dp-dfg-item post-242222 project type-project status-publish has-post-thumbnail hentry\"     data-position=\"7\"   data-new-tab=\"off\"   data-action-priority=\"item\"><figure class=\"dp-dfg-image entry-thumb\"><a href=\"https:\/\/www.consul.ch\/en\/project\/article-24-heures-lauriers-platine-mill-2007\/\" class=\"dp-dfg-image-link\" ><img loading=\"lazy\" decoding=\"async\" class=\"dp-dfg-featured-image\" src=\"https:\/\/www.consul.ch\/wp-content\/uploads\/2022\/11\/2009.01.03-article-24-Heures-03.01.09-laurier-platine-mil-2007-pdf.jpg\" alt=\"Article 24 heures Lauriers Platine B\u00e9rollon le Consul mill\u00e9sime 2007\" width=\"275\" height=\"284\" data-ratio=\"1.0327272727273\"\/><\/a><\/figure><div class=\"dp-dfg-overlay\"><span class=\"dfg_et_overlay\"  data-icon=\"&#xe050;\"><\/span><\/div><\/article><!-- DPDFG End Post Item Container --><article id=\"post-240131\" class=\"dp-dfg-item post-240131 project type-project status-publish has-post-thumbnail hentry\"     data-position=\"8\"   data-new-tab=\"on\"   data-action-priority=\"item\"><figure class=\"dp-dfg-image entry-thumb\"><a href=\"https:\/\/www.consul.ch\/wp-content\/uploads\/2020\/06\/consul-affiche-diplome.pdf\" class=\"dp-dfg-image-link\" target=\"_blank\"><img loading=\"lazy\" decoding=\"async\" class=\"dp-dfg-featured-image\" src=\"https:\/\/www.consul.ch\/wp-content\/uploads\/2020\/05\/consul-affiche-diplome-400x284.jpg\" alt=\"Consul affiche diplome\" width=\"400\" height=\"284\" data-ratio=\"0.71\"\/><\/a><\/figure><div class=\"dp-dfg-overlay\"><span class=\"dfg_et_overlay\"  data-icon=\"&#xe050;\"><\/span><\/div><\/article><!-- DPDFG End Post Item Container --><\/div><!-- DPDFG End Posts Items Container --><\/div><!-- DPDFG End Main Container -->\n\t\t\t\t<\/div>\n\t\t\t<\/div><\/p>\n","protected":false},"author":5,"featured_media":0,"parent":0,"menu_order":0,"comment_status":"closed","ping_status":"closed","template":"","meta":{"_et_pb_use_builder":"on","_et_pb_old_content":"[et_pb_section fb_built=\"1\" admin_label=\"section\" _builder_version=\"3.22\"][et_pb_row admin_label=\"row\" _builder_version=\"3.25\" background_size=\"initial\" background_position=\"top_left\" background_repeat=\"repeat\"][et_pb_column type=\"4_4\" _builder_version=\"3.25\" custom_padding=\"|||\" custom_padding__hover=\"|||\"][et_pb_post_title meta=\"off\" featured_image=\"off\" _builder_version=\"4.4.5\"][\/et_pb_post_title][et_pb_dpblog_portfolio fullwidth=\"off\" custom_post_types=\"project\" show_title=\"off\" custom_url=\"on\" custom_url_field_name=\"pdf\" show_categories=\"off\" _builder_version=\"4.4.5\" hover_enabled=\"0\" module_id=\"presse\"][\/et_pb_dpblog_portfolio][\/et_pb_column][\/et_pb_row][\/et_pb_section]","_et_gb_content_width":"","footnotes":""},"class_list":["post-240531","page","type-page","status-publish","hentry"],"yoast_head":"<!-- This site is optimized with the Yoast SEO plugin v24.4 - https:\/\/yoast.com\/wordpress\/plugins\/seo\/ -->\n<title>La Cave du Consul in Perroy | Swiss wine | The Vaudoise Coast<\/title>\n<meta name=\"description\" content=\"La Cave du Consul in Perroy invites you to its domain in the heart of the C\u00f4te in the canton of Vaud, on an estate where Swiss wines are of renowned quality. Red, ros\u00e9, white, sparkling wine, several times Gold and Silver medalists, Terravin, Grand Prix du vin Suisse. Discover the press articles.\" \/>\n<meta name=\"robots\" content=\"index, follow, max-snippet:-1, max-image-preview:large, max-video-preview:-1\" \/>\n<link rel=\"canonical\" href=\"https:\/\/www.consul.ch\/en\/swiss-wine-la-cote-perroy\/\" \/>\n<meta property=\"og:locale\" content=\"en_US\" \/>\n<meta property=\"og:type\" content=\"article\" \/>\n<meta property=\"og:title\" content=\"La Cave du Consul in Perroy | Swiss wine | The Vaudoise Coast\" \/>\n<meta property=\"og:description\" content=\"La Cave du Consul in Perroy invites you to its domain in the heart of the C\u00f4te in the canton of Vaud, on an estate where Swiss wines are of renowned quality. Red, ros\u00e9, white, sparkling wine, several times Gold and Silver medalists, Terravin, Grand Prix du vin Suisse. Discover the press articles.\" \/>\n<meta property=\"og:url\" content=\"https:\/\/www.consul.ch\/en\/swiss-wine-la-cote-perroy\/\" \/>\n<meta property=\"og:site_name\" content=\"Cave du Consul\" \/>\n<meta property=\"article:modified_time\" content=\"2025-02-11T10:32:10+00:00\" \/>\n<meta name=\"twitter:card\" content=\"summary_large_image\" \/>\n<meta name=\"twitter:label1\" content=\"Est. reading time\" \/>\n\t<meta name=\"twitter:data1\" content=\"4 minutes\" \/>\n<script type=\"application\/ld+json\" class=\"yoast-schema-graph\">{\"@context\":\"https:\/\/schema.org\",\"@graph\":[{\"@type\":\"WebPage\",\"@id\":\"https:\/\/www.consul.ch\/en\/swiss-wine-la-cote-perroy\/\",\"url\":\"https:\/\/www.consul.ch\/en\/swiss-wine-la-cote-perroy\/\",\"name\":\"La Cave du Consul in Perroy | Swiss wine | The Vaudoise Coast\",\"isPartOf\":{\"@id\":\"https:\/\/www.consul.ch\/en\/NEW_2022\/#website\"},\"datePublished\":\"2020-10-07T18:21:29+00:00\",\"dateModified\":\"2025-02-11T10:32:10+00:00\",\"description\":\"La Cave du Consul in Perroy invites you to its domain in the heart of the C\u00f4te in the canton of Vaud, on an estate where Swiss wines are of renowned quality. Red, ros\u00e9, white, sparkling wine, several times Gold and Silver medalists, Terravin, Grand Prix du vin Suisse. Discover the press articles.\",\"breadcrumb\":{\"@id\":\"https:\/\/www.consul.ch\/en\/swiss-wine-la-cote-perroy\/#breadcrumb\"},\"inLanguage\":\"en-US\",\"potentialAction\":[{\"@type\":\"ReadAction\",\"target\":[\"https:\/\/www.consul.ch\/en\/swiss-wine-la-cote-perroy\/\"]}]},{\"@type\":\"BreadcrumbList\",\"@id\":\"https:\/\/www.consul.ch\/en\/swiss-wine-la-cote-perroy\/#breadcrumb\",\"itemListElement\":[{\"@type\":\"ListItem\",\"position\":1,\"name\":\"Accueil\",\"item\":\"https:\/\/www.consul.ch\/en\/\"},{\"@type\":\"ListItem\",\"position\":2,\"name\":\"PRESS\"}]},{\"@type\":\"WebSite\",\"@id\":\"https:\/\/www.consul.ch\/en\/NEW_2022\/#website\",\"url\":\"https:\/\/www.consul.ch\/en\/NEW_2022\/\",\"name\":\"Cave du Consul\",\"description\":\"Vins m\u00e9daill\u00e9s La C\u00f4te, Perroy\",\"potentialAction\":[{\"@type\":\"SearchAction\",\"target\":{\"@type\":\"EntryPoint\",\"urlTemplate\":\"https:\/\/www.consul.ch\/en\/NEW_2022\/?s={search_term_string}\"},\"query-input\":{\"@type\":\"PropertyValueSpecification\",\"valueRequired\":true,\"valueName\":\"search_term_string\"}}],\"inLanguage\":\"en-US\"}]}<\/script>\n<!-- \/ Yoast SEO plugin. -->","yoast_head_json":{"title":"La Cave du Consul in Perroy | Swiss wine | The Vaudoise Coast","description":"La Cave du Consul in Perroy invites you to its domain in the heart of the C\u00f4te in the canton of Vaud, on an estate where Swiss wines are of renowned quality. Red, ros\u00e9, white, sparkling wine, several times Gold and Silver medalists, Terravin, Grand Prix du vin Suisse. Discover the press articles.","robots":{"index":"index","follow":"follow","max-snippet":"max-snippet:-1","max-image-preview":"max-image-preview:large","max-video-preview":"max-video-preview:-1"},"canonical":"https:\/\/www.consul.ch\/en\/swiss-wine-la-cote-perroy\/","og_locale":"en_US","og_type":"article","og_title":"La Cave du Consul in Perroy | Swiss wine | The Vaudoise Coast","og_description":"La Cave du Consul in Perroy invites you to its domain in the heart of the C\u00f4te in the canton of Vaud, on an estate where Swiss wines are of renowned quality. Red, ros\u00e9, white, sparkling wine, several times Gold and Silver medalists, Terravin, Grand Prix du vin Suisse. Discover the press articles.","og_url":"https:\/\/www.consul.ch\/en\/swiss-wine-la-cote-perroy\/","og_site_name":"Cave du Consul","article_modified_time":"2025-02-11T10:32:10+00:00","twitter_card":"summary_large_image","twitter_misc":{"Est. reading time":"4 minutes"},"schema":{"@context":"https:\/\/schema.org","@graph":[{"@type":"WebPage","@id":"https:\/\/www.consul.ch\/en\/swiss-wine-la-cote-perroy\/","url":"https:\/\/www.consul.ch\/en\/swiss-wine-la-cote-perroy\/","name":"La Cave du Consul in Perroy | Swiss wine | The Vaudoise Coast","isPartOf":{"@id":"https:\/\/www.consul.ch\/en\/NEW_2022\/#website"},"datePublished":"2020-10-07T18:21:29+00:00","dateModified":"2025-02-11T10:32:10+00:00","description":"La Cave du Consul in Perroy invites you to its domain in the heart of the C\u00f4te in the canton of Vaud, on an estate where Swiss wines are of renowned quality. Red, ros\u00e9, white, sparkling wine, several times Gold and Silver medalists, Terravin, Grand Prix du vin Suisse. Discover the press articles.","breadcrumb":{"@id":"https:\/\/www.consul.ch\/en\/swiss-wine-la-cote-perroy\/#breadcrumb"},"inLanguage":"en-US","potentialAction":[{"@type":"ReadAction","target":["https:\/\/www.consul.ch\/en\/swiss-wine-la-cote-perroy\/"]}]},{"@type":"BreadcrumbList","@id":"https:\/\/www.consul.ch\/en\/swiss-wine-la-cote-perroy\/#breadcrumb","itemListElement":[{"@type":"ListItem","position":1,"name":"Accueil","item":"https:\/\/www.consul.ch\/en\/"},{"@type":"ListItem","position":2,"name":"PRESS"}]},{"@type":"WebSite","@id":"https:\/\/www.consul.ch\/en\/NEW_2022\/#website","url":"https:\/\/www.consul.ch\/en\/NEW_2022\/","name":"Cave du Consul","description":"Vins m\u00e9daill\u00e9s La C\u00f4te, Perroy","potentialAction":[{"@type":"SearchAction","target":{"@type":"EntryPoint","urlTemplate":"https:\/\/www.consul.ch\/en\/NEW_2022\/?s={search_term_string}"},"query-input":{"@type":"PropertyValueSpecification","valueRequired":true,"valueName":"search_term_string"}}],"inLanguage":"en-US"}]}},"_links":{"self":[{"href":"https:\/\/www.consul.ch\/en\/wp-json\/wp\/v2\/pages\/240531","targetHints":{"allow":["GET"]}}],"collection":[{"href":"https:\/\/www.consul.ch\/en\/wp-json\/wp\/v2\/pages"}],"about":[{"href":"https:\/\/www.consul.ch\/en\/wp-json\/wp\/v2\/types\/page"}],"author":[{"embeddable":true,"href":"https:\/\/www.consul.ch\/en\/wp-json\/wp\/v2\/users\/5"}],"replies":[{"embeddable":true,"href":"https:\/\/www.consul.ch\/en\/wp-json\/wp\/v2\/comments?post=240531"}],"version-history":[{"count":4,"href":"https:\/\/www.consul.ch\/en\/wp-json\/wp\/v2\/pages\/240531\/revisions"}],"predecessor-version":[{"id":243913,"href":"https:\/\/www.consul.ch\/en\/wp-json\/wp\/v2\/pages\/240531\/revisions\/243913"}],"wp:attachment":[{"href":"https:\/\/www.consul.ch\/en\/wp-json\/wp\/v2\/media?parent=240531"}],"curies":[{"name":"wp","href":"https:\/\/api.w.org\/{rel}","templated":true}]}}