{"id":239976,"date":"2020-06-02T12:03:13","date_gmt":"2020-09-29T11:53:32","guid":{"rendered":"https:\/\/www.consul.ch\/?post_type=product&#038;p=239976"},"modified":"2020-10-09T18:18:00","modified_gmt":"2020-10-09T16:18:00","slug":"vin-doux","status":"publish","type":"product","link":"https:\/\/www.consul.ch\/en\/produit\/vin-doux\/","title":{"rendered":"Vin Doux"},"content":{"rendered":"<p>Nom du Vin: Vin Doux du Consul<br \/>\nC\u00e9page: Assemblage de c\u00e9pages blancs<br \/>\nVignoble: Sol calcaire, de texture sablo-silteuse<br \/>\nElaboration: Vinification traditionnel<br \/>\nD\u00e9gustation: Vin aux ar\u00f4mes de fruits confits, bonne longuer en bouche, structur\u00e9, complexit\u00e9 aromatique<br \/>\nGastronomie: Accompagne les entr\u00e9es de foie gras, vin de dessert, mousse au chocolat<br \/>\nFlaconnage: 37.5 cl<br \/>\nLi\u00e8ge<\/p>\n","protected":false},"excerpt":{"rendered":"<p>Nom du Vin: Vin Doux du Consul C\u00e9page: Assemblage de c\u00e9pages blancs Vignoble: Sol calcaire, de texture sablo-silteuse Elaboration: Vinification traditionnel D\u00e9gustation: Vin aux ar\u00f4mes de fruits confits, bonne longuer en bouche, structur\u00e9, complexit\u00e9 aromatique Gastronomie: Accompagne les entr\u00e9es de foie gras, vin de dessert, mousse au chocolat Flaconnage: 37.5 cl Li\u00e8ge<\/p>\n","protected":false},"featured_media":0,"comment_status":"open","ping_status":"closed","template":"","meta":{"_et_pb_use_builder":"","_et_pb_old_content":"","_et_gb_content_width":""},"product_brand":[],"product_cat":[68],"product_tag":[],"class_list":{"0":"post-239976","1":"product","2":"type-product","3":"status-publish","5":"product_cat-specialites-en","7":"first","8":"instock","9":"shipping-taxable","10":"purchasable","11":"product-type-variable"},"yoast_head":"<!-- This site is optimized with the Yoast SEO plugin v24.4 - https:\/\/yoast.com\/wordpress\/plugins\/seo\/ -->\n<title>Vin Doux - Cave du Consul<\/title>\n<meta name=\"robots\" content=\"index, follow, max-snippet:-1, max-image-preview:large, max-video-preview:-1\" \/>\n<link rel=\"canonical\" href=\"https:\/\/www.consul.ch\/en\/produit\/vin-doux\/\" \/>\n<meta property=\"og:locale\" content=\"en_US\" \/>\n<meta property=\"og:type\" content=\"article\" \/>\n<meta property=\"og:title\" content=\"Vin Doux - Cave du Consul\" \/>\n<meta property=\"og:description\" content=\"Nom du Vin: Vin Doux du Consul C\u00e9page: Assemblage de c\u00e9pages blancs Vignoble: Sol calcaire, de texture sablo-silteuse Elaboration: Vinification traditionnel D\u00e9gustation: Vin aux ar\u00f4mes de fruits confits, bonne longuer en bouche, structur\u00e9, complexit\u00e9 aromatique Gastronomie: Accompagne les entr\u00e9es de foie gras, vin de dessert, mousse au chocolat Flaconnage: 37.5 cl Li\u00e8ge\" \/>\n<meta property=\"og:url\" content=\"https:\/\/www.consul.ch\/en\/produit\/vin-doux\/\" \/>\n<meta property=\"og:site_name\" content=\"Cave du Consul\" \/>\n<meta property=\"article:modified_time\" content=\"2020-10-09T16:18:00+00:00\" \/>\n<meta name=\"twitter:card\" content=\"summary_large_image\" \/>\n<script type=\"application\/ld+json\" class=\"yoast-schema-graph\">{\"@context\":\"https:\/\/schema.org\",\"@graph\":[{\"@type\":\"WebPage\",\"@id\":\"https:\/\/www.consul.ch\/en\/produit\/vin-doux\/\",\"url\":\"https:\/\/www.consul.ch\/en\/produit\/vin-doux\/\",\"name\":\"Vin Doux - Cave du Consul\",\"isPartOf\":{\"@id\":\"https:\/\/www.consul.ch\/en\/NEW_2022\/#website\"},\"datePublished\":\"2020-09-29T11:53:32+00:00\",\"dateModified\":\"2020-10-09T16:18:00+00:00\",\"breadcrumb\":{\"@id\":\"https:\/\/www.consul.ch\/en\/produit\/vin-doux\/#breadcrumb\"},\"inLanguage\":\"en-US\",\"potentialAction\":[{\"@type\":\"ReadAction\",\"target\":[\"https:\/\/www.consul.ch\/en\/produit\/vin-doux\/\"]}]},{\"@type\":\"BreadcrumbList\",\"@id\":\"https:\/\/www.consul.ch\/en\/produit\/vin-doux\/#breadcrumb\",\"itemListElement\":[{\"@type\":\"ListItem\",\"position\":1,\"name\":\"Accueil\",\"item\":\"https:\/\/www.consul.ch\/en\/\"},{\"@type\":\"ListItem\",\"position\":2,\"name\":\"Boutique\",\"item\":\"https:\/\/www.consul.ch\/en\/boutique\/\"},{\"@type\":\"ListItem\",\"position\":3,\"name\":\"Vin Doux\"}]},{\"@type\":\"WebSite\",\"@id\":\"https:\/\/www.consul.ch\/en\/NEW_2022\/#website\",\"url\":\"https:\/\/www.consul.ch\/en\/NEW_2022\/\",\"name\":\"Cave du Consul\",\"description\":\"Vins m\u00e9daill\u00e9s La C\u00f4te, Perroy\",\"potentialAction\":[{\"@type\":\"SearchAction\",\"target\":{\"@type\":\"EntryPoint\",\"urlTemplate\":\"https:\/\/www.consul.ch\/en\/NEW_2022\/?s={search_term_string}\"},\"query-input\":{\"@type\":\"PropertyValueSpecification\",\"valueRequired\":true,\"valueName\":\"search_term_string\"}}],\"inLanguage\":\"en-US\"}]}<\/script>\n<!-- \/ Yoast SEO plugin. -->","yoast_head_json":{"title":"Vin Doux - Cave du Consul","robots":{"index":"index","follow":"follow","max-snippet":"max-snippet:-1","max-image-preview":"max-image-preview:large","max-video-preview":"max-video-preview:-1"},"canonical":"https:\/\/www.consul.ch\/en\/produit\/vin-doux\/","og_locale":"en_US","og_type":"article","og_title":"Vin Doux - Cave du Consul","og_description":"Nom du Vin: Vin Doux du Consul C\u00e9page: Assemblage de c\u00e9pages blancs Vignoble: Sol calcaire, de texture sablo-silteuse Elaboration: Vinification traditionnel D\u00e9gustation: Vin aux ar\u00f4mes de fruits confits, bonne longuer en bouche, structur\u00e9, complexit\u00e9 aromatique Gastronomie: Accompagne les entr\u00e9es de foie gras, vin de dessert, mousse au chocolat Flaconnage: 37.5 cl Li\u00e8ge","og_url":"https:\/\/www.consul.ch\/en\/produit\/vin-doux\/","og_site_name":"Cave du Consul","article_modified_time":"2020-10-09T16:18:00+00:00","twitter_card":"summary_large_image","schema":{"@context":"https:\/\/schema.org","@graph":[{"@type":"WebPage","@id":"https:\/\/www.consul.ch\/en\/produit\/vin-doux\/","url":"https:\/\/www.consul.ch\/en\/produit\/vin-doux\/","name":"Vin Doux - Cave du Consul","isPartOf":{"@id":"https:\/\/www.consul.ch\/en\/NEW_2022\/#website"},"datePublished":"2020-09-29T11:53:32+00:00","dateModified":"2020-10-09T16:18:00+00:00","breadcrumb":{"@id":"https:\/\/www.consul.ch\/en\/produit\/vin-doux\/#breadcrumb"},"inLanguage":"en-US","potentialAction":[{"@type":"ReadAction","target":["https:\/\/www.consul.ch\/en\/produit\/vin-doux\/"]}]},{"@type":"BreadcrumbList","@id":"https:\/\/www.consul.ch\/en\/produit\/vin-doux\/#breadcrumb","itemListElement":[{"@type":"ListItem","position":1,"name":"Accueil","item":"https:\/\/www.consul.ch\/en\/"},{"@type":"ListItem","position":2,"name":"Boutique","item":"https:\/\/www.consul.ch\/en\/boutique\/"},{"@type":"ListItem","position":3,"name":"Vin Doux"}]},{"@type":"WebSite","@id":"https:\/\/www.consul.ch\/en\/NEW_2022\/#website","url":"https:\/\/www.consul.ch\/en\/NEW_2022\/","name":"Cave du Consul","description":"Vins m\u00e9daill\u00e9s La C\u00f4te, Perroy","potentialAction":[{"@type":"SearchAction","target":{"@type":"EntryPoint","urlTemplate":"https:\/\/www.consul.ch\/en\/NEW_2022\/?s={search_term_string}"},"query-input":{"@type":"PropertyValueSpecification","valueRequired":true,"valueName":"search_term_string"}}],"inLanguage":"en-US"}]}},"_links":{"self":[{"href":"https:\/\/www.consul.ch\/en\/wp-json\/wp\/v2\/product\/239976","targetHints":{"allow":["GET"]}}],"collection":[{"href":"https:\/\/www.consul.ch\/en\/wp-json\/wp\/v2\/product"}],"about":[{"href":"https:\/\/www.consul.ch\/en\/wp-json\/wp\/v2\/types\/product"}],"replies":[{"embeddable":true,"href":"https:\/\/www.consul.ch\/en\/wp-json\/wp\/v2\/comments?post=239976"}],"wp:attachment":[{"href":"https:\/\/www.consul.ch\/en\/wp-json\/wp\/v2\/media?parent=239976"}],"wp:term":[{"taxonomy":"product_brand","embeddable":true,"href":"https:\/\/www.consul.ch\/en\/wp-json\/wp\/v2\/product_brand?post=239976"},{"taxonomy":"product_cat","embeddable":true,"href":"https:\/\/www.consul.ch\/en\/wp-json\/wp\/v2\/product_cat?post=239976"},{"taxonomy":"product_tag","embeddable":true,"href":"https:\/\/www.consul.ch\/en\/wp-json\/wp\/v2\/product_tag?post=239976"}],"curies":[{"name":"wp","href":"https:\/\/api.w.org\/{rel}","templated":true}]}}