{"id":240052,"date":"2020-06-02T11:19:21","date_gmt":"2020-06-02T09:19:21","guid":{"rendered":"https:\/\/www.consul.ch\/produit\/fechy-cret-de-bayel\/"},"modified":"2023-02-20T08:46:09","modified_gmt":"2023-02-20T07:46:09","slug":"fechy-cret-de-bayel","status":"publish","type":"product","link":"https:\/\/www.consul.ch\/en\/produit\/fechy-cret-de-bayel\/","title":{"rendered":"F\u00e9chy Cr\u00eat de Bayel"},"content":{"rendered":"<p>Nom du Vin: F\u00e9chy Cr\u00eat de Bayel<br \/>\nC\u00e9page: Chasselas<br \/>\nVignoble: Sol de Moraine caillouteuse avec du calcaire de texture<br \/>\nElaboration: Vinification traditionnelle<br \/>\nD\u00e9gustation: Un vin fruit\u00e9, plein de finesse et du caract\u00e8re. Un Chasselas sur la min\u00e9ralit\u00e9, avec une belle intensit\u00e9 d&#8217;ar\u00f4mes frais et floraux<br \/>\nGastronomie: Id\u00e9al pour l&#8217;ap\u00e9ritif, poissons, fromage et la gastronomie<br \/>\nFlaconnage: 75 cl<br \/>\nvis<\/p>\n","protected":false},"excerpt":{"rendered":"<p>F\u00e9chy Grand Cru AOC La C\u00f4te<\/p>\n","protected":false},"featured_media":239484,"comment_status":"open","ping_status":"closed","template":"","meta":{"_et_pb_use_builder":"","_et_pb_old_content":"","_et_gb_content_width":""},"product_brand":[],"product_cat":[116],"product_tag":[150],"class_list":{"0":"post-240052","1":"product","2":"type-product","3":"status-publish","4":"has-post-thumbnail","6":"product_cat-white-wines-medalists-perroy-la-cote","7":"product_tag-medaille-dor-en","9":"first","10":"instock","11":"shipping-taxable","12":"purchasable","13":"product-type-variable"},"yoast_head":"<!-- This site is optimized with the Yoast SEO plugin v24.4 - https:\/\/yoast.com\/wordpress\/plugins\/seo\/ -->\n<title>F\u00e9chy Cr\u00eat de Bayel - Cave du Consul<\/title>\n<meta name=\"robots\" content=\"index, follow, max-snippet:-1, max-image-preview:large, max-video-preview:-1\" \/>\n<link rel=\"canonical\" href=\"https:\/\/www.consul.ch\/en\/produit\/fechy-cret-de-bayel\/\" \/>\n<meta property=\"og:locale\" content=\"en_US\" \/>\n<meta property=\"og:type\" content=\"article\" \/>\n<meta property=\"og:title\" content=\"F\u00e9chy Cr\u00eat de Bayel - Cave du Consul\" \/>\n<meta property=\"og:description\" content=\"F\u00e9chy Grand Cru AOC La C\u00f4te\" \/>\n<meta property=\"og:url\" content=\"https:\/\/www.consul.ch\/en\/produit\/fechy-cret-de-bayel\/\" \/>\n<meta property=\"og:site_name\" content=\"Cave du Consul\" \/>\n<meta property=\"article:modified_time\" content=\"2023-02-20T07:46:09+00:00\" \/>\n<meta property=\"og:image\" content=\"https:\/\/www.consul.ch\/wp-content\/uploads\/2020\/06\/image5-1.jpg\" \/>\n\t<meta property=\"og:image:width\" content=\"1000\" \/>\n\t<meta property=\"og:image:height\" content=\"1534\" \/>\n\t<meta property=\"og:image:type\" content=\"image\/jpeg\" \/>\n<meta name=\"twitter:card\" content=\"summary_large_image\" \/>\n<script type=\"application\/ld+json\" class=\"yoast-schema-graph\">{\"@context\":\"https:\/\/schema.org\",\"@graph\":[{\"@type\":\"WebPage\",\"@id\":\"https:\/\/www.consul.ch\/en\/produit\/fechy-cret-de-bayel\/\",\"url\":\"https:\/\/www.consul.ch\/en\/produit\/fechy-cret-de-bayel\/\",\"name\":\"F\u00e9chy Cr\u00eat de Bayel - Cave du Consul\",\"isPartOf\":{\"@id\":\"https:\/\/www.consul.ch\/en\/NEW_2022\/#website\"},\"primaryImageOfPage\":{\"@id\":\"https:\/\/www.consul.ch\/en\/produit\/fechy-cret-de-bayel\/#primaryimage\"},\"image\":{\"@id\":\"https:\/\/www.consul.ch\/en\/produit\/fechy-cret-de-bayel\/#primaryimage\"},\"thumbnailUrl\":\"https:\/\/www.consul.ch\/wp-content\/uploads\/2020\/06\/image5-1.jpg\",\"datePublished\":\"2020-06-02T09:19:21+00:00\",\"dateModified\":\"2023-02-20T07:46:09+00:00\",\"breadcrumb\":{\"@id\":\"https:\/\/www.consul.ch\/en\/produit\/fechy-cret-de-bayel\/#breadcrumb\"},\"inLanguage\":\"en-US\",\"potentialAction\":[{\"@type\":\"ReadAction\",\"target\":[\"https:\/\/www.consul.ch\/en\/produit\/fechy-cret-de-bayel\/\"]}]},{\"@type\":\"ImageObject\",\"inLanguage\":\"en-US\",\"@id\":\"https:\/\/www.consul.ch\/en\/produit\/fechy-cret-de-bayel\/#primaryimage\",\"url\":\"https:\/\/www.consul.ch\/wp-content\/uploads\/2020\/06\/image5-1.jpg\",\"contentUrl\":\"https:\/\/www.consul.ch\/wp-content\/uploads\/2020\/06\/image5-1.jpg\",\"width\":1000,\"height\":1534},{\"@type\":\"BreadcrumbList\",\"@id\":\"https:\/\/www.consul.ch\/en\/produit\/fechy-cret-de-bayel\/#breadcrumb\",\"itemListElement\":[{\"@type\":\"ListItem\",\"position\":1,\"name\":\"Accueil\",\"item\":\"https:\/\/www.consul.ch\/en\/\"},{\"@type\":\"ListItem\",\"position\":2,\"name\":\"Boutique\",\"item\":\"https:\/\/www.consul.ch\/en\/boutique\/\"},{\"@type\":\"ListItem\",\"position\":3,\"name\":\"F\u00e9chy Cr\u00eat de Bayel\"}]},{\"@type\":\"WebSite\",\"@id\":\"https:\/\/www.consul.ch\/en\/NEW_2022\/#website\",\"url\":\"https:\/\/www.consul.ch\/en\/NEW_2022\/\",\"name\":\"Cave du Consul\",\"description\":\"Vins m\u00e9daill\u00e9s La C\u00f4te, Perroy\",\"potentialAction\":[{\"@type\":\"SearchAction\",\"target\":{\"@type\":\"EntryPoint\",\"urlTemplate\":\"https:\/\/www.consul.ch\/en\/NEW_2022\/?s={search_term_string}\"},\"query-input\":{\"@type\":\"PropertyValueSpecification\",\"valueRequired\":true,\"valueName\":\"search_term_string\"}}],\"inLanguage\":\"en-US\"}]}<\/script>\n<!-- \/ Yoast SEO plugin. -->","yoast_head_json":{"title":"F\u00e9chy Cr\u00eat de Bayel - Cave du Consul","robots":{"index":"index","follow":"follow","max-snippet":"max-snippet:-1","max-image-preview":"max-image-preview:large","max-video-preview":"max-video-preview:-1"},"canonical":"https:\/\/www.consul.ch\/en\/produit\/fechy-cret-de-bayel\/","og_locale":"en_US","og_type":"article","og_title":"F\u00e9chy Cr\u00eat de Bayel - Cave du Consul","og_description":"F\u00e9chy Grand Cru AOC La C\u00f4te","og_url":"https:\/\/www.consul.ch\/en\/produit\/fechy-cret-de-bayel\/","og_site_name":"Cave du Consul","article_modified_time":"2023-02-20T07:46:09+00:00","og_image":[{"width":1000,"height":1534,"url":"https:\/\/www.consul.ch\/wp-content\/uploads\/2020\/06\/image5-1.jpg","type":"image\/jpeg"}],"twitter_card":"summary_large_image","schema":{"@context":"https:\/\/schema.org","@graph":[{"@type":"WebPage","@id":"https:\/\/www.consul.ch\/en\/produit\/fechy-cret-de-bayel\/","url":"https:\/\/www.consul.ch\/en\/produit\/fechy-cret-de-bayel\/","name":"F\u00e9chy Cr\u00eat de Bayel - Cave du Consul","isPartOf":{"@id":"https:\/\/www.consul.ch\/en\/NEW_2022\/#website"},"primaryImageOfPage":{"@id":"https:\/\/www.consul.ch\/en\/produit\/fechy-cret-de-bayel\/#primaryimage"},"image":{"@id":"https:\/\/www.consul.ch\/en\/produit\/fechy-cret-de-bayel\/#primaryimage"},"thumbnailUrl":"https:\/\/www.consul.ch\/wp-content\/uploads\/2020\/06\/image5-1.jpg","datePublished":"2020-06-02T09:19:21+00:00","dateModified":"2023-02-20T07:46:09+00:00","breadcrumb":{"@id":"https:\/\/www.consul.ch\/en\/produit\/fechy-cret-de-bayel\/#breadcrumb"},"inLanguage":"en-US","potentialAction":[{"@type":"ReadAction","target":["https:\/\/www.consul.ch\/en\/produit\/fechy-cret-de-bayel\/"]}]},{"@type":"ImageObject","inLanguage":"en-US","@id":"https:\/\/www.consul.ch\/en\/produit\/fechy-cret-de-bayel\/#primaryimage","url":"https:\/\/www.consul.ch\/wp-content\/uploads\/2020\/06\/image5-1.jpg","contentUrl":"https:\/\/www.consul.ch\/wp-content\/uploads\/2020\/06\/image5-1.jpg","width":1000,"height":1534},{"@type":"BreadcrumbList","@id":"https:\/\/www.consul.ch\/en\/produit\/fechy-cret-de-bayel\/#breadcrumb","itemListElement":[{"@type":"ListItem","position":1,"name":"Accueil","item":"https:\/\/www.consul.ch\/en\/"},{"@type":"ListItem","position":2,"name":"Boutique","item":"https:\/\/www.consul.ch\/en\/boutique\/"},{"@type":"ListItem","position":3,"name":"F\u00e9chy Cr\u00eat de Bayel"}]},{"@type":"WebSite","@id":"https:\/\/www.consul.ch\/en\/NEW_2022\/#website","url":"https:\/\/www.consul.ch\/en\/NEW_2022\/","name":"Cave du Consul","description":"Vins m\u00e9daill\u00e9s La C\u00f4te, Perroy","potentialAction":[{"@type":"SearchAction","target":{"@type":"EntryPoint","urlTemplate":"https:\/\/www.consul.ch\/en\/NEW_2022\/?s={search_term_string}"},"query-input":{"@type":"PropertyValueSpecification","valueRequired":true,"valueName":"search_term_string"}}],"inLanguage":"en-US"}]}},"_links":{"self":[{"href":"https:\/\/www.consul.ch\/en\/wp-json\/wp\/v2\/product\/240052","targetHints":{"allow":["GET"]}}],"collection":[{"href":"https:\/\/www.consul.ch\/en\/wp-json\/wp\/v2\/product"}],"about":[{"href":"https:\/\/www.consul.ch\/en\/wp-json\/wp\/v2\/types\/product"}],"replies":[{"embeddable":true,"href":"https:\/\/www.consul.ch\/en\/wp-json\/wp\/v2\/comments?post=240052"}],"wp:featuredmedia":[{"embeddable":true,"href":"https:\/\/www.consul.ch\/en\/wp-json\/wp\/v2\/media\/239484"}],"wp:attachment":[{"href":"https:\/\/www.consul.ch\/en\/wp-json\/wp\/v2\/media?parent=240052"}],"wp:term":[{"taxonomy":"product_brand","embeddable":true,"href":"https:\/\/www.consul.ch\/en\/wp-json\/wp\/v2\/product_brand?post=240052"},{"taxonomy":"product_cat","embeddable":true,"href":"https:\/\/www.consul.ch\/en\/wp-json\/wp\/v2\/product_cat?post=240052"},{"taxonomy":"product_tag","embeddable":true,"href":"https:\/\/www.consul.ch\/en\/wp-json\/wp\/v2\/product_tag?post=240052"}],"curies":[{"name":"wp","href":"https:\/\/api.w.org\/{rel}","templated":true}]}}