{"id":240061,"date":"2020-06-02T11:14:03","date_gmt":"2020-06-02T09:14:03","guid":{"rendered":"https:\/\/www.consul.ch\/?post_type=product&#038;p=240061"},"modified":"2023-02-20T08:46:11","modified_gmt":"2023-02-20T07:46:11","slug":"berollon-le-consul","status":"publish","type":"product","link":"https:\/\/www.consul.ch\/en\/produit\/berollon-le-consul\/","title":{"rendered":"B\u00e9rollon le Consul"},"content":{"rendered":"<p>Nom du Vin: B\u00e9rollon le Consul<br \/>\nC\u00e9page: Chasselas<br \/>\nVignoble: Sol de Moraine, peu caillouteuse et tr\u00e8s compactes<br \/>\nElaboration: Vinification traditionnelle<br \/>\nD\u00e9gustation: Un vin \u00e9quilibr\u00e9, aux ar\u00f4mes harmonieux, fruit\u00e9 subtil et d\u00e9licat. Il a une belle longueur en bouche<br \/>\nGastronomie: Vin d&#8217;ap\u00e9ritif par excellence, il accompagne \u00e0 merveille les poissons du lac<br \/>\nFlaconnage: 75 cl 50 cl 37.50 cl 150 cl<br \/>\nvis vis vis Li\u00e8ge<\/p>\n","protected":false},"excerpt":{"rendered":"<p>Perroy Grand Cru AOC La C\u00f4te<\/p>\n","protected":false},"featured_media":239456,"comment_status":"open","ping_status":"closed","template":"","meta":{"_et_pb_use_builder":"","_et_pb_old_content":"","_et_gb_content_width":""},"product_brand":[],"product_cat":[116],"product_tag":[150],"class_list":{"0":"post-240061","1":"product","2":"type-product","3":"status-publish","4":"has-post-thumbnail","6":"product_cat-white-wines-medalists-perroy-la-cote","7":"product_tag-medaille-dor-en","9":"first","10":"instock","11":"shipping-taxable","12":"purchasable","13":"product-type-variable"},"yoast_head":"<!-- This site is optimized with the Yoast SEO plugin v24.4 - https:\/\/yoast.com\/wordpress\/plugins\/seo\/ -->\n<title>B\u00e9rollon le Consul - Cave du Consul<\/title>\n<meta name=\"robots\" content=\"index, follow, max-snippet:-1, max-image-preview:large, max-video-preview:-1\" \/>\n<link rel=\"canonical\" href=\"https:\/\/www.consul.ch\/en\/produit\/berollon-le-consul\/\" \/>\n<meta property=\"og:locale\" content=\"en_US\" \/>\n<meta property=\"og:type\" content=\"article\" \/>\n<meta property=\"og:title\" content=\"B\u00e9rollon le Consul - Cave du Consul\" \/>\n<meta property=\"og:description\" content=\"Perroy Grand Cru AOC La C\u00f4te\" \/>\n<meta property=\"og:url\" content=\"https:\/\/www.consul.ch\/en\/produit\/berollon-le-consul\/\" \/>\n<meta property=\"og:site_name\" content=\"Cave du Consul\" \/>\n<meta property=\"article:modified_time\" content=\"2023-02-20T07:46:11+00:00\" \/>\n<meta property=\"og:image\" content=\"https:\/\/www.consul.ch\/wp-content\/uploads\/2020\/06\/image4-1.jpg\" \/>\n\t<meta property=\"og:image:width\" content=\"1000\" \/>\n\t<meta property=\"og:image:height\" content=\"1534\" \/>\n\t<meta property=\"og:image:type\" content=\"image\/jpeg\" \/>\n<meta name=\"twitter:card\" content=\"summary_large_image\" \/>\n<script type=\"application\/ld+json\" class=\"yoast-schema-graph\">{\"@context\":\"https:\/\/schema.org\",\"@graph\":[{\"@type\":\"WebPage\",\"@id\":\"https:\/\/www.consul.ch\/en\/produit\/berollon-le-consul\/\",\"url\":\"https:\/\/www.consul.ch\/en\/produit\/berollon-le-consul\/\",\"name\":\"B\u00e9rollon le Consul - Cave du Consul\",\"isPartOf\":{\"@id\":\"https:\/\/www.consul.ch\/en\/NEW_2022\/#website\"},\"primaryImageOfPage\":{\"@id\":\"https:\/\/www.consul.ch\/en\/produit\/berollon-le-consul\/#primaryimage\"},\"image\":{\"@id\":\"https:\/\/www.consul.ch\/en\/produit\/berollon-le-consul\/#primaryimage\"},\"thumbnailUrl\":\"https:\/\/www.consul.ch\/wp-content\/uploads\/2020\/06\/image4-1.jpg\",\"datePublished\":\"2020-06-02T09:14:03+00:00\",\"dateModified\":\"2023-02-20T07:46:11+00:00\",\"breadcrumb\":{\"@id\":\"https:\/\/www.consul.ch\/en\/produit\/berollon-le-consul\/#breadcrumb\"},\"inLanguage\":\"en-US\",\"potentialAction\":[{\"@type\":\"ReadAction\",\"target\":[\"https:\/\/www.consul.ch\/en\/produit\/berollon-le-consul\/\"]}]},{\"@type\":\"ImageObject\",\"inLanguage\":\"en-US\",\"@id\":\"https:\/\/www.consul.ch\/en\/produit\/berollon-le-consul\/#primaryimage\",\"url\":\"https:\/\/www.consul.ch\/wp-content\/uploads\/2020\/06\/image4-1.jpg\",\"contentUrl\":\"https:\/\/www.consul.ch\/wp-content\/uploads\/2020\/06\/image4-1.jpg\",\"width\":1000,\"height\":1534,\"caption\":\"image4\"},{\"@type\":\"BreadcrumbList\",\"@id\":\"https:\/\/www.consul.ch\/en\/produit\/berollon-le-consul\/#breadcrumb\",\"itemListElement\":[{\"@type\":\"ListItem\",\"position\":1,\"name\":\"Accueil\",\"item\":\"https:\/\/www.consul.ch\/en\/\"},{\"@type\":\"ListItem\",\"position\":2,\"name\":\"Boutique\",\"item\":\"https:\/\/www.consul.ch\/en\/boutique\/\"},{\"@type\":\"ListItem\",\"position\":3,\"name\":\"B\u00e9rollon le Consul\"}]},{\"@type\":\"WebSite\",\"@id\":\"https:\/\/www.consul.ch\/en\/NEW_2022\/#website\",\"url\":\"https:\/\/www.consul.ch\/en\/NEW_2022\/\",\"name\":\"Cave du Consul\",\"description\":\"Vins m\u00e9daill\u00e9s La C\u00f4te, Perroy\",\"potentialAction\":[{\"@type\":\"SearchAction\",\"target\":{\"@type\":\"EntryPoint\",\"urlTemplate\":\"https:\/\/www.consul.ch\/en\/NEW_2022\/?s={search_term_string}\"},\"query-input\":{\"@type\":\"PropertyValueSpecification\",\"valueRequired\":true,\"valueName\":\"search_term_string\"}}],\"inLanguage\":\"en-US\"}]}<\/script>\n<!-- \/ Yoast SEO plugin. -->","yoast_head_json":{"title":"B\u00e9rollon le Consul - Cave du Consul","robots":{"index":"index","follow":"follow","max-snippet":"max-snippet:-1","max-image-preview":"max-image-preview:large","max-video-preview":"max-video-preview:-1"},"canonical":"https:\/\/www.consul.ch\/en\/produit\/berollon-le-consul\/","og_locale":"en_US","og_type":"article","og_title":"B\u00e9rollon le Consul - Cave du Consul","og_description":"Perroy Grand Cru AOC La C\u00f4te","og_url":"https:\/\/www.consul.ch\/en\/produit\/berollon-le-consul\/","og_site_name":"Cave du Consul","article_modified_time":"2023-02-20T07:46:11+00:00","og_image":[{"width":1000,"height":1534,"url":"https:\/\/www.consul.ch\/wp-content\/uploads\/2020\/06\/image4-1.jpg","type":"image\/jpeg"}],"twitter_card":"summary_large_image","schema":{"@context":"https:\/\/schema.org","@graph":[{"@type":"WebPage","@id":"https:\/\/www.consul.ch\/en\/produit\/berollon-le-consul\/","url":"https:\/\/www.consul.ch\/en\/produit\/berollon-le-consul\/","name":"B\u00e9rollon le Consul - Cave du Consul","isPartOf":{"@id":"https:\/\/www.consul.ch\/en\/NEW_2022\/#website"},"primaryImageOfPage":{"@id":"https:\/\/www.consul.ch\/en\/produit\/berollon-le-consul\/#primaryimage"},"image":{"@id":"https:\/\/www.consul.ch\/en\/produit\/berollon-le-consul\/#primaryimage"},"thumbnailUrl":"https:\/\/www.consul.ch\/wp-content\/uploads\/2020\/06\/image4-1.jpg","datePublished":"2020-06-02T09:14:03+00:00","dateModified":"2023-02-20T07:46:11+00:00","breadcrumb":{"@id":"https:\/\/www.consul.ch\/en\/produit\/berollon-le-consul\/#breadcrumb"},"inLanguage":"en-US","potentialAction":[{"@type":"ReadAction","target":["https:\/\/www.consul.ch\/en\/produit\/berollon-le-consul\/"]}]},{"@type":"ImageObject","inLanguage":"en-US","@id":"https:\/\/www.consul.ch\/en\/produit\/berollon-le-consul\/#primaryimage","url":"https:\/\/www.consul.ch\/wp-content\/uploads\/2020\/06\/image4-1.jpg","contentUrl":"https:\/\/www.consul.ch\/wp-content\/uploads\/2020\/06\/image4-1.jpg","width":1000,"height":1534,"caption":"image4"},{"@type":"BreadcrumbList","@id":"https:\/\/www.consul.ch\/en\/produit\/berollon-le-consul\/#breadcrumb","itemListElement":[{"@type":"ListItem","position":1,"name":"Accueil","item":"https:\/\/www.consul.ch\/en\/"},{"@type":"ListItem","position":2,"name":"Boutique","item":"https:\/\/www.consul.ch\/en\/boutique\/"},{"@type":"ListItem","position":3,"name":"B\u00e9rollon le Consul"}]},{"@type":"WebSite","@id":"https:\/\/www.consul.ch\/en\/NEW_2022\/#website","url":"https:\/\/www.consul.ch\/en\/NEW_2022\/","name":"Cave du Consul","description":"Vins m\u00e9daill\u00e9s La C\u00f4te, Perroy","potentialAction":[{"@type":"SearchAction","target":{"@type":"EntryPoint","urlTemplate":"https:\/\/www.consul.ch\/en\/NEW_2022\/?s={search_term_string}"},"query-input":{"@type":"PropertyValueSpecification","valueRequired":true,"valueName":"search_term_string"}}],"inLanguage":"en-US"}]}},"_links":{"self":[{"href":"https:\/\/www.consul.ch\/en\/wp-json\/wp\/v2\/product\/240061","targetHints":{"allow":["GET"]}}],"collection":[{"href":"https:\/\/www.consul.ch\/en\/wp-json\/wp\/v2\/product"}],"about":[{"href":"https:\/\/www.consul.ch\/en\/wp-json\/wp\/v2\/types\/product"}],"replies":[{"embeddable":true,"href":"https:\/\/www.consul.ch\/en\/wp-json\/wp\/v2\/comments?post=240061"}],"wp:featuredmedia":[{"embeddable":true,"href":"https:\/\/www.consul.ch\/en\/wp-json\/wp\/v2\/media\/239456"}],"wp:attachment":[{"href":"https:\/\/www.consul.ch\/en\/wp-json\/wp\/v2\/media?parent=240061"}],"wp:term":[{"taxonomy":"product_brand","embeddable":true,"href":"https:\/\/www.consul.ch\/en\/wp-json\/wp\/v2\/product_brand?post=240061"},{"taxonomy":"product_cat","embeddable":true,"href":"https:\/\/www.consul.ch\/en\/wp-json\/wp\/v2\/product_cat?post=240061"},{"taxonomy":"product_tag","embeddable":true,"href":"https:\/\/www.consul.ch\/en\/wp-json\/wp\/v2\/product_tag?post=240061"}],"curies":[{"name":"wp","href":"https:\/\/api.w.org\/{rel}","templated":true}]}}